{"id":13,"date":"2019-09-15T09:58:38","date_gmt":"2019-09-15T07:58:38","guid":{"rendered":"http:\/\/h2846401.stratoserver.net\/wordpress\/impressum\/"},"modified":"2019-12-22T19:33:42","modified_gmt":"2019-12-22T18:33:42","slug":"impressum","status":"publish","type":"page","link":"https:\/\/www.cycle-in-motion.de\/?page_id=13","title":{"rendered":"Impressum"},"content":{"rendered":"\n<h2><span style=\"font-size: 90%;\">Impressum<\/span><\/h2>\n<h3><span style=\"font-size: 90%;\">Cycle-in-Motion<\/span><\/h3>\n<p><span style=\"font-size: 90%;\">Inh. Johannes Paiska<\/span><br \/><span style=\"font-size: 90%;\">Dornauer Ring 20<\/span><br \/><span style=\"font-size: 90%;\">63834 Sulzbach am Main <\/span><br \/><span style=\"font-size: 90%;\">Deutschland<\/span><\/p>\n<p><span style=\"font-size: 90%;\">Telefon: 0172-9139153 <\/span><br \/><span style=\"font-size: 90%;\">Web: <a title=\"Inh. Johannes Paiska\" href=\"https:\/\/www.cycle-in-motion.de\"><span style=\"color: #33cccc;\">www.cycle-in-motion.de<\/span><\/a><\/span><br \/><span style=\"font-size: 90%;\">E-Mail: <span style=\"color: #33cccc;\"><a style=\"color: #33cccc;\" href=\"https:\/\/www.cycle-in-motion.de\/de\/impressum\/#\">1level-support@cycle-in-motion.de<\/a><\/span><\/span><\/p>\n<p><span style=\"font-size: 90%;\">Gesch\u00e4ftsf\u00fchrer: Johannes Paiska<\/span><br \/><span style=\"font-size: 90%;\">Inhaber: Johannes Paiska<\/span><\/p>\n<p><span style=\"font-size: 90%;\">Inhaltlich verantwortlich gem\u00e4\u00df \u00a7 5 TMG:<\/span><\/p>\n<p><span style=\"font-size: 90%;\">Inhalt. Verantwortlicher: Johannes Paiska<\/span><br \/><span style=\"font-size: 90%;\">Adresse des inhalt. Verantwortlichen: Dornauer Ring 20 63834 Sulzbach a. Main<\/span><br \/><span style=\"font-size: 90%;\">Verantwortlich im Sinne des Presserechts (V.i.S.d.P.): Johannes Paiska<\/span><\/p>\n<p><span style=\"font-size: 90%;\">Zust\u00e4ndiges Finanzamt: Obernburg &#8211; Au\u00dfenstelle Amorbach<\/span><br \/><span style=\"font-size: 90%;\">USt.Id.: DE267728812<\/span><\/p>\n<p><span style=\"font-size: 90%;\">Sie erreichen unseren Kundendienst f\u00fcr Fragen Reklamationen und Beanstandungen unter Telefon: 0172-9139153 sowie per Email unter<span style=\"color: #33cccc;\"> <a style=\"color: #33cccc;\" href=\"https:\/\/www.cycle-in-motion.de\/de\/impressum\/#\">1level-support@cycle-in-motion.de<\/a><\/span>. F\u00fcr Anfragen k\u00f6nnen Sie auch das Kontaktformular auf unserer Internetseite nutzen.<\/span><\/p>\n<p><span style=\"font-size: 90%;\">Die Internetplattform zur Online-Beilegung von Streitigkeiten der EU (sog. \u201eOS-Plattform\u201c) ist unter dem folgendem Link erreichbar:<span style=\"color: #33cccc;\"> <a style=\"color: #33cccc;\" href=\"https:\/\/ec.europa.eu\/consumers\/odr\" target=\"new\" rel=\"noopener noreferrer\">https:\/\/ec.europa.eu\/consumers\/odr<\/a><\/span>.<\/span><\/p>\n<h3><span style=\"font-size: 90%;\">Disclaimer<\/span><\/h3>\n<p><span style=\"font-size: 90%;\">Bei direkten oder indirekten Verweisen auf fremde Webseiten (&#8222;Hyperlinks&#8220;), die au\u00dferhalb des Verantwortungsbereiches des Autors liegen, w\u00fcrde eine Haftungsverpflichtung ausschlie\u00dflich in dem Fall in Kraft treten, in dem der Autor von den Inhalten Kenntnis hat und es ihm technisch m\u00f6glich und zumutbar w\u00e4re, die Nutzung im Falle rechtswidriger Inhalte zu verhindern. Der Autor erkl\u00e4rt hiermit ausdr\u00fccklich, dass zum Zeitpunkt der Linksetzung keine illegalen Inhalte auf den zu verlinkenden Seiten erkennbar waren. Auf die aktuelle und zuk\u00fcnftige Gestaltung, die Inhalte oder die Urheberschaft der verlinkten\/verkn\u00fcpften Seiten hat der Autor keinerlei Einfluss. Deshalb distanziert er sich hiermit ausdr\u00fccklich von allen Inhalten aller verlinkten \/verkn\u00fcpften Seiten, die nach der Linksetzung ver\u00e4ndert wurden. Diese Feststellung gilt f\u00fcr alle innerhalb des eigenen Internetangebotes gesetzten Links und Verweise sowie f\u00fcr Fremdeintr\u00e4ge in vom Autor eingerichteten G\u00e4steb\u00fcchern, Diskussionsforen, Linkverzeichnissen, Mailinglisten und in allen anderen Formen von Datenbanken, auf deren Inhalt externe Schreibzugriffe m\u00f6glich sind. F\u00fcr illegale, fehlerhafte oder unvollst\u00e4ndige Inhalte und insbesondere f\u00fcr Sch\u00e4den, die aus der Nutzung oder Nichtnutzung solcherart dargebotener Informationen entstehen, haftet allein der Anbieter der Seite, auf welche verwiesen wurde, nicht derjenige, der \u00fcber Links auf die jeweilige Ver\u00f6ffentlichung lediglich verweist.<\/span><\/p>\n<h3><span style=\"font-size: 90%;\">Urheber- und Kennzeichenrecht<\/span><\/h3>\n<p><span style=\"font-size: 90%;\">Der Autor ist bestrebt, in allen Publikationen die Urheberrechte der verwendeten Bilder, Grafiken, Tondokumente, Videosequenzen und Texte zu beachten, von ihm selbst erstellte Bilder, Grafiken, Tondokumente, Videosequenzen und Texte zu nutzen oder auf lizenzfreie Grafiken, Tondokumente, Videosequenzen und Texte zur\u00fcckzugreifen. Alle innerhalb des Internetangebotes genannten und ggf. durch Dritte gesch\u00fctzten Marken- und Warenzeichen unterliegen uneingeschr\u00e4nkt den Bestimmungen des jeweils g\u00fcltigen Kennzeichenrechts und den Besitzrechten der jeweiligen eingetragenen Eigent\u00fcmer. Allein aufgrund der blo\u00dfen Nennung ist nicht der Schluss zu ziehen, dass Markenzeichen nicht durch Rechte Dritter gesch\u00fctzt sind! Das Copyright f\u00fcr ver\u00f6ffentlichte, vom Autor selbst erstellte Objekte bleibt allein beim Autor der Seiten. Eine Vervielf\u00e4ltigung oder Verwendung solcher Grafiken, Tondokumente, Videosequenzen und Texte in anderen elektronischen oder gedruckten Publikationen ist ohne ausdr\u00fcckliche Zustimmung des Autors nicht gestattet.<\/span><\/p>\n\n","protected":false},"excerpt":{"rendered":"<p>Impressum Cycle-in-Motion Inh. Johannes PaiskaDornauer Ring 2063834 Sulzbach am Main Deutschland Telefon: 0172-9139153 Web: www.cycle-in-motion.deE-Mail: 1level-support@cycle-in-motion.de Gesch\u00e4ftsf\u00fchrer: Johannes PaiskaInhaber: Johannes Paiska Inhaltlich verantwortlich gem\u00e4\u00df \u00a7 5 TMG: Inhalt. Verantwortlicher: Johannes PaiskaAdresse des inhalt. Verantwortlichen: Dornauer Ring 20 63834 Sulzbach a. MainVerantwortlich im Sinne des Presserechts (V.i.S.d.P.): Johannes Paiska Zust\u00e4ndiges Finanzamt: Obernburg &#8211; Au\u00dfenstelle AmorbachUSt.Id.: DE267728812 [&#8230;]\n","protected":false},"author":1,"featured_media":0,"parent":0,"menu_order":0,"comment_status":"closed","ping_status":"closed","template":"","meta":{"footnotes":""},"_links":{"self":[{"href":"https:\/\/www.cycle-in-motion.de\/index.php?rest_route=\/wp\/v2\/pages\/13"}],"collection":[{"href":"https:\/\/www.cycle-in-motion.de\/index.php?rest_route=\/wp\/v2\/pages"}],"about":[{"href":"https:\/\/www.cycle-in-motion.de\/index.php?rest_route=\/wp\/v2\/types\/page"}],"author":[{"embeddable":true,"href":"https:\/\/www.cycle-in-motion.de\/index.php?rest_route=\/wp\/v2\/users\/1"}],"replies":[{"embeddable":true,"href":"https:\/\/www.cycle-in-motion.de\/index.php?rest_route=%2Fwp%2Fv2%2Fcomments&post=13"}],"version-history":[{"count":3,"href":"https:\/\/www.cycle-in-motion.de\/index.php?rest_route=\/wp\/v2\/pages\/13\/revisions"}],"predecessor-version":[{"id":1466,"href":"https:\/\/www.cycle-in-motion.de\/index.php?rest_route=\/wp\/v2\/pages\/13\/revisions\/1466"}],"wp:attachment":[{"href":"https:\/\/www.cycle-in-motion.de\/index.php?rest_route=%2Fwp%2Fv2%2Fmedia&parent=13"}],"curies":[{"name":"wp","href":"https:\/\/api.w.org\/{rel}","templated":true}]}}