{"id":16,"date":"2019-09-15T09:58:38","date_gmt":"2019-09-15T07:58:38","guid":{"rendered":"http:\/\/h2846401.stratoserver.net\/wordpress\/versandarten\/"},"modified":"2024-12-03T10:02:35","modified_gmt":"2024-12-03T09:02:35","slug":"versandarten","status":"publish","type":"page","link":"https:\/\/www.cycle-in-motion.de\/?page_id=16","title":{"rendered":"Versandkosten"},"content":{"rendered":"\n<div class=\"row\"  id=\"row-1417922551\">\n\n\n\t<div id=\"col-453963508\" class=\"col medium-4 small-12 large-4\"  >\n\t\t\t\t<div class=\"col-inner\"  >\n\t\t\t\n\t\t\t\n\n<p><span style=\"font-size: 90%; color: #ff9900;\">Versandkosten Deutschland<\/span><\/p>\n<p><span style=\"font-size: 90%;\">unter 50 EUR Bestellwert --> 3,00 EUR<\/span><br \/><span style=\"font-size: 90%;\">ab 50 EUR Bestellwert --> versandkostenfrei<\/span><\/p>\n\n\t\t<\/div>\n\t\t\t\t\t<\/div>\n\n\t\n\n\t<div id=\"col-2065129202\" class=\"col medium-4 small-12 large-4\"  >\n\t\t\t\t<div class=\"col-inner\"  >\n\t\t\t\n\t\t\t\n\n<p><span style=\"color: #ff9900; font-size: 90%;\">Versandkosten innerhalb EU<\/span><\/p>\n<p><span style=\"font-size: 90%;\">unter 100 EUR Bestellwert --> 8,00 EUR<\/span><br \/><span style=\"font-size: 90%;\">ab 100 EUR Bestellwert --> versandkostenfrei<\/span><\/p>\n\n\t\t<\/div>\n\t\t\t\t\t<\/div>\n\n\t\n\n\t<div id=\"col-743732090\" class=\"col medium-4 small-12 large-4\"  >\n\t\t\t\t<div class=\"col-inner\"  >\n\t\t\t\n\t\t\t\n\n<p><span style=\"color: #ff9900; font-size: 90%;\">Versandkosten au\u00dferhalb EU<\/span><\/p>\n<p><span style=\"font-size: 90%;\">es erfolgt kein Versand!<br \/>Auslieferung als Download m\u00f6glich!<\/span><\/p>\n\n\t\t<\/div>\n\t\t\t\t\t<\/div>\n\n\t\n\n<\/div>\n<p>Die Auslieferung physischer Datentr\u00e4ger (DVD, Bluray, USB-Stick) erfolgt aufgrund der noch nicht erfolgten EU-Harmonisierung in Bezug auf Verpackungen und Verpackungsabf\u00e4lle nur noch an ausgew\u00e4hlte L\u00e4nder. Die L\u00e4nderliste wird \u00fcber unseren Server st\u00e4ndig aktuell gepflegt. Es erscheint ein entsprechender Hinweis im Bestellprozess, wenn in<span class=\"fancy-underline\"> ein Land <span style=\"color: #f99b1c;\"><strong>keine<\/strong> <\/span>physische Auslieferung erfolgen kann<\/span>.<\/p>\n\n","protected":false},"excerpt":{"rendered":"","protected":false},"author":1,"featured_media":0,"parent":0,"menu_order":0,"comment_status":"closed","ping_status":"closed","template":"","meta":{"footnotes":""},"_links":{"self":[{"href":"https:\/\/www.cycle-in-motion.de\/index.php?rest_route=\/wp\/v2\/pages\/16"}],"collection":[{"href":"https:\/\/www.cycle-in-motion.de\/index.php?rest_route=\/wp\/v2\/pages"}],"about":[{"href":"https:\/\/www.cycle-in-motion.de\/index.php?rest_route=\/wp\/v2\/types\/page"}],"author":[{"embeddable":true,"href":"https:\/\/www.cycle-in-motion.de\/index.php?rest_route=\/wp\/v2\/users\/1"}],"replies":[{"embeddable":true,"href":"https:\/\/www.cycle-in-motion.de\/index.php?rest_route=%2Fwp%2Fv2%2Fcomments&post=16"}],"version-history":[{"count":11,"href":"https:\/\/www.cycle-in-motion.de\/index.php?rest_route=\/wp\/v2\/pages\/16\/revisions"}],"predecessor-version":[{"id":73172,"href":"https:\/\/www.cycle-in-motion.de\/index.php?rest_route=\/wp\/v2\/pages\/16\/revisions\/73172"}],"wp:attachment":[{"href":"https:\/\/www.cycle-in-motion.de\/index.php?rest_route=%2Fwp%2Fv2%2Fmedia&parent=16"}],"curies":[{"name":"wp","href":"https:\/\/api.w.org\/{rel}","templated":true}]}}