{"id":54,"date":"2016-03-31T14:37:54","date_gmt":"2016-03-31T14:37:54","guid":{"rendered":"http:\/\/flatsome.dev\/?page_id=7011"},"modified":"2025-11-02T20:02:52","modified_gmt":"2025-11-02T19:02:52","slug":"accordion","status":"publish","type":"page","link":"https:\/\/www.cycle-in-motion.de\/?page_id=54","title":{"rendered":"FAQ"},"content":{"rendered":"\n<div class=\"container section-title-container\" ><h3 class=\"section-title section-title-center\"><b><\/b><span class=\"section-title-main\" >FAQ<\/span><b><\/b><\/h3><\/div>\n\n<div class=\"row\"  id=\"row-1340640731\">\n\n\n\t<div id=\"col-1192646660\" class=\"col small-12 large-12\"  >\n\t\t\t\t<div class=\"col-inner\"  >\n\t\t\t\n\t\t\t\n\n<h3 class=\"accordion_title\">Allgemeines<\/h3><div class=\"accordion\">\n\n<div id=\"accordion-2533586541\" class=\"accordion-item\"><a id=\"accordion-2533586541-label\" href=\"#\" class=\"accordion-title plain\" aria-expanded=\"false\" aria-controls=\"accordion-2533586541-content\"><button class=\"toggle\" aria-label=\"Toggle\"><i class=\"icon-angle-down\"><\/i><\/button><span>Warum sollte ich auf ein videounterst\u00fctztes Radtraining zur\u00fcckgreifen?<\/span><\/a><div id=\"accordion-2533586541-content\" class=\"accordion-inner\" aria-labelledby=\"accordion-2533586541-label\">\n\n<ol>\n<li><span style=\"color: #00ccff;\"><strong>Real Life Videos unterst\u00fctzten die Langzeitmotivation beim Ergometer-Training.<\/strong><\/span> Die Abbruchrate ohne visuelle Unterst\u00fctzung ist beim Indoor-Training sehr gro\u00df.<\/li>\n<li><strong><span style=\"color: #00ccff;\">Tolle Landschaften bei traumhaften Wetterbedingungen<\/span><\/strong> erblickt das Auge auch in der Realit\u00e4t nicht jeden Tag, gerade in der meist herbstlichen oder winterlichen Ergometersaison. Au\u00dferdem besteht die Gelegenheit ganz unterschiedliche Strecken abzufahren, die der ein oder andere eventuell im realen Leben nie erblicken w\u00fcrde.<\/li>\n<li>Viele unserer <strong><span style=\"color: #00ccff;\">Kunden entdecken neue tolle Radsportregionen<\/span><\/strong> \u00fcber die Videos und verleben aktive Trainingswochen dort, animiert durch unsere tollen Videos.<\/li>\n<li>Auch ist die<strong><span style=\"color: #00ccff;\"> gezielte Vorbereitung auf ein Radsportevent<\/span><\/strong> m\u00f6glich. Jeder Film l\u00e4sst sich entsprechendem dem eigenen aktuellen Trainingsstand abfahren. Unabh\u00e4ngig hiervon k\u00f6nnen auch spezielle Radsport-Events &#8211; je nach Verf\u00fcgbarkeit als Film &#8211; gezielt trainiert werden ( z.B. der \u00d6tztaler Radmarathon, Arlberggiro, Amade Radmarathon).<\/li>\n<li>Generell gilt: der jeweilige <span style=\"color: #00ccff;\"><strong>Trainingsfilm passt sich Ihrer steigenden Leistungsf\u00e4higkeit durch Anpassung der Filmabspielgeschwindigkeit an<\/strong> <\/span>und verliert nicht seinen Reiz; im Gegenteil!<\/li>\n<\/ol>\n\n<\/div><\/div>\n<div id=\"accordion-1545806874\" class=\"accordion-item\"><a id=\"accordion-1545806874-label\" href=\"#\" class=\"accordion-title plain\" aria-expanded=\"false\" aria-controls=\"accordion-1545806874-content\"><button class=\"toggle\" aria-label=\"Toggle\"><i class=\"icon-angle-down\"><\/i><\/button><span>Bildqualit\u00e4t & Technik<\/span><\/a><div id=\"accordion-1545806874-content\" class=\"accordion-inner\" aria-labelledby=\"accordion-1545806874-label\">\n\n<p>Wir versuchen immer einen guten Kompromiss zwischen max. Filmqualit\u00e4t und guter Abspielbarkeit beim Kunden zu erreichen. Seit ca. 2016 zeichnen wir unsere Filme in einem nahezu verlustfreien Codec auf, der auch in der Kinofilmproduktion genutzt wird. Das Ausgansmaterial ist der Schl\u00fcssel f\u00fcr ein gutes Bild. Unsere typischen Radsportvideos zeichnen wir mit Profi-Equipment auf was Kamera, Optik und Recording betrifft. MTB-Filme nehmen wir auch mit einer einfachen Helmkamera auf.<\/p>\n<p>Die Fahrphysikdaten werden \u00fcber ein modernes Sensorkonzept aufgezeichnet. Dies erm\u00f6glicht uns auch das Ausschalten der unerw\u00fcnschten Einflussfaktoren bei der typischen Barometerh\u00f6henmessung.<\/p>\n<p>Unsere Kunden sch\u00e4tzen das Gesamtpaket aus Bildeindruck und technischer Umsetzung.<\/p>\n\n<\/div><\/div>\n<div id=\"accordion-82552413\" class=\"accordion-item\"><a id=\"accordion-82552413-label\" href=\"#\" class=\"accordion-title plain\" aria-expanded=\"false\" aria-controls=\"accordion-82552413-content\"><button class=\"toggle\" aria-label=\"Toggle\"><i class=\"icon-angle-down\"><\/i><\/button><span>Unterschiede zwischen den verschiedenen Datentr\u00e4gern<\/span><\/a><div id=\"accordion-82552413-content\" class=\"accordion-inner\" aria-labelledby=\"accordion-82552413-label\">\n\n<p>Unsere Filme k\u00f6nnen Sie als Download als auch USB 3.0 Stick erwerben<strong><span style=\"color: #00ccff;\">.<br \/><\/span><\/strong><\/p>\n<p>W\u00e4hlen Sie ein Download-Produkt kaufen, k\u00f6nnen Sie im Download-Bereich Ihres Kundenkontos den Zugriff auf Ihren Film erkennen \u00fcber einen Link. Bei sofortiger Bezahlung \u00fcber paypal erfolgt auch die sofortige Freischaltung der Downloads!<\/p>\n<p>Ein Installationsprogramm (FilmInstaller.exe) managed den Download, die vollst\u00e4ndige Installation des Filmes sowie der Steuerdateien in den verschiedenen Software-Welten. Der Installationsprozess inkl. Download wird von diesem Programm \u00fcberwacht. Den Fortschritt des Downloads erkennen sie ebenfalls zu jeder Zeit.<\/p>\n\n<\/div><\/div>\n<div id=\"accordion-3303199687\" class=\"accordion-item\"><a id=\"accordion-3303199687-label\" href=\"#\" class=\"accordion-title plain\" aria-expanded=\"false\" aria-controls=\"accordion-3303199687-content\"><button class=\"toggle\" aria-label=\"Toggle\"><i class=\"icon-angle-down\"><\/i><\/button><span>Wird ein leistungsstarker Computer ben\u00f6tigt ?<\/span><\/a><div id=\"accordion-3303199687-content\" class=\"accordion-inner\" aria-labelledby=\"accordion-3303199687-label\">\n\n<p>Es ist weniger der Film der den Rechner belastet, als die Abspielsoftware, die genutzt wird. Wir empfehlen grunds\u00e4tzlich einen unserer Demo-Filme zu installieren und eine Testfahrt auf ihrem System zu absolvieren. Bitte beachtet, dass wir keinen Support f\u00fcr die unterschiedlichen Software-Hersteller leisten k\u00f6nnen!<\/p>\n\n<\/div><\/div>\n<div id=\"accordion-1945709521\" class=\"accordion-item\"><a id=\"accordion-1945709521-label\" href=\"#\" class=\"accordion-title plain\" aria-expanded=\"false\" aria-controls=\"accordion-1945709521-content\"><button class=\"toggle\" aria-label=\"Toggle\"><i class=\"icon-angle-down\"><\/i><\/button><span>Auf welchem Display wirken die  Filme am Besten ?<\/span><\/a><div id=\"accordion-1945709521-content\" class=\"accordion-inner\" aria-labelledby=\"accordion-1945709521-label\">\n\n<p>Wir empfehlen &#8222;je gr\u00f6\u00dfer desto besser&#8220;. Ein gro\u00dfer Bildschirm bietet im Vergleich zu einem kleinen Laptop-Display einen deutlich besseren Seh- und Realismuseindruck. Bei echter FullHD-Darstellung k\u00f6nnen auf gr\u00f6\u00dferen Displays viel mehr Details wahrgenommen werden. Viele unserer Kunden \u00fcbertragen die Videodaten unserer Filme auf einen externen LCD-TV oder sogar Beamer. Hierzu wird der moderne HDMI-Ausgang, der mittlerweile schon standardm\u00e4\u00dfig am PC\/Laptop vorhanden ist, genutzt.<\/p>\n\n<\/div><\/div>\n<div id=\"accordion-1360380509\" class=\"accordion-item\"><a id=\"accordion-1360380509-label\" href=\"#\" class=\"accordion-title plain\" aria-expanded=\"false\" aria-controls=\"accordion-1360380509-content\"><button class=\"toggle\" aria-label=\"Toggle\"><i class=\"icon-angle-down\"><\/i><\/button><span>Welche Dateien stellen wir zur Verf\u00fcgung?<\/span><\/a><div id=\"accordion-1360380509-content\" class=\"accordion-inner\" aria-labelledby=\"accordion-1360380509-label\">\n\n<p>Nachfolgende Steuerdateien sind bei unseren Filmen vorhanden:<\/p>\n<ol>\n<li>Tacx Fortius -->.pgmf .rlv .txt<\/li>\n<li>Tacx Trainer Software -->.tts<\/li>\n<li>ErgoPlanet -->.epm .epp<\/li>\n<li>Kettler Word Tours -->.krs<\/li>\n<li>BigRing --> .xml<\/li>\n<li>Incyclist -->.xml<\/li>\n<\/ol>\n\n<\/div><\/div>\n\n<\/div>\n<h3 class=\"accordion_title\">Technisches<\/h3><div class=\"accordion\">\n\n<div id=\"accordion-3332651398\" class=\"accordion-item\"><a id=\"accordion-3332651398-label\" href=\"#\" class=\"accordion-title plain\" aria-expanded=\"false\" aria-controls=\"accordion-3332651398-content\"><button class=\"toggle\" aria-label=\"Toggle\"><i class=\"icon-angle-down\"><\/i><\/button><span>Sicherungskopie der Filme erstellen ?<\/span><\/a><div id=\"accordion-3332651398-content\" class=\"accordion-inner\" aria-labelledby=\"accordion-3332651398-label\">\n\n<div class=\"outer \">\n<p>Ja, unbedingt. Achten Sie aber bitte darauf, falls Sie den Rechner samt Festplatte einmal verkaufen sollten, dass die Daten zuvor vollst\u00e4ndig gel\u00f6scht worden sind. Hierf\u00fcr empfehlen wir den Einsatz spezieller Software z.B. WipeFile.<\/p>\n<\/div>\n\n<\/div><\/div>\n<div id=\"accordion-3343666599\" class=\"accordion-item\"><a id=\"accordion-3343666599-label\" href=\"#\" class=\"accordion-title plain\" aria-expanded=\"false\" aria-controls=\"accordion-3343666599-content\"><button class=\"toggle\" aria-label=\"Toggle\"><i class=\"icon-angle-down\"><\/i><\/button><span>Externe Festplatte nutzten ?<\/span><\/a><div id=\"accordion-3343666599-content\" class=\"accordion-inner\" aria-labelledby=\"accordion-3343666599-label\">\n\n<p>Die durchschnittliche Datengr\u00f6\u00dfe pro Film hat im Laufe der letzten Jahre st\u00e4ndig zugenommen. Wer einige Filme besitzt kommt schnell auf mehrere 100 GB Plattenverbrauch. Es macht nicht wirklich Sinn, die vorgegebene System-Festplatte (c:) damit zu belasten. Sie k\u00f6nnen nat\u00fcrlich auch eine interne Festplatte zus\u00e4tzlich in den PC einbauen. Wir sehen es als sinnvoll an, eine externe USB-3 Festplatte \u00fcber einen freien USB-3 Port anzuschlie\u00dfen. Allerdings sollte die externe Festplatte auch wirklich an einem freien USB-3 Port des Rechners angeschlossen sein beim Training.<\/p>\n\n<\/div><\/div>\n<div id=\"accordion-305464933\" class=\"accordion-item\"><a id=\"accordion-305464933-label\" href=\"#\" class=\"accordion-title plain\" aria-expanded=\"false\" aria-controls=\"accordion-305464933-content\"><button class=\"toggle\" aria-label=\"Toggle\"><i class=\"icon-angle-down\"><\/i><\/button><span>Manuelle oder automatische Installation?<\/span><\/a><div id=\"accordion-305464933-content\" class=\"accordion-inner\" aria-labelledby=\"accordion-305464933-label\">\n\n<div class=\"outer \">\n<div class=\"outer \">\n<p>Unsere Installationssoftware erledigt die Installation des Filmes i.d.R. ohne notwendige Nacharbeiten bei ErgoPlanet, Tacx sowie Kettler World Tours und BigRingVR sowie Incyclist inkl. Batch-Konvertierung vom avi in das mp4 Format vollautomatisch.<\/p>\n<p>Sollten sich Fragen oder Schwierigkeiten ergeben bei der Installation unserer Filme, nutzen Sie bitte unsere <a href=\"https:\/\/www.cycle-in-motion.de\/de\/support.html\">Support-Seite<\/a>. Wir helfen Ihnen gerne weiter.<\/p>\n<\/div>\n<\/div>\n\n<\/div><\/div>\n<div id=\"accordion-4051641284\" class=\"accordion-item\"><a id=\"accordion-4051641284-label\" href=\"#\" class=\"accordion-title plain\" aria-expanded=\"false\" aria-controls=\"accordion-4051641284-content\"><button class=\"toggle\" aria-label=\"Toggle\"><i class=\"icon-angle-down\"><\/i><\/button><span>Vorgehensweise bei incyclist wegen Konvertierung des Filmformates von .avi nach .mp4<\/span><\/a><div id=\"accordion-4051641284-content\" class=\"accordion-inner\" aria-labelledby=\"accordion-4051641284-label\">\n\n<p><strong><span style=\"color: #f99b1c;\">Neue Version\u00a0 &#8211; ab 2024 &#8211; der Installation bzw. Konvertierung des Filmes:<\/span><\/strong><\/p>\n<p>Unserer Installationsroutine bindet eine Batch-Datei mit ein die bei der Installation den Film bei Incyclist in den gew\u00fcnschen mp4-Container einbindet. Der Prozess l\u00e4uft im Hintergrund voll automatisch ab.<\/p>\n<p><span style=\"color: #f99b1c;\"><strong>Alte Version &#8211; bis 2023 &#8211; der Installation bzw. Konvertierung des Filmes:<\/strong><\/span><\/p>\n<p><strong><span style=\"color: #f99b1c;\">Incyclist<\/span> <\/strong>arbeitet mit Filmdateien, die in einem MP4-Container vorliegen. Eine Filmdatei muss dann zwingend die Dateiendung .mp4 aufweisen. Bisherige RLV-Filme haben .avi-Dateiendungen. Die Umschreibung vom AVI- in den MP4-Container kann man am einfachsten mit der Software &#8222;<a href=\"https:\/\/avidemux.sourceforge.net\/download.html\"><strong><span style=\"color: #f99b1c;\">AVIDEMUX<\/span><\/strong><\/a>&#8220; realisieren. Diese Software gibt es f\u00fcr Windows und Mac Nutzer kostenfrei.<\/p>\n<p><strong><span style=\"color: #ff9900;\">Betrifft Filme ab ca. 2013 im .avi Format (x264-codiert):<\/span><\/strong><br \/>Das Programm nach dem herunterladen installieren. Nach dem Start \u00f6ffnet man \u00fcber die das Icon links oben (Videodatei \u00f6ffnen) die entsprechende .avi Datei die man konvertieren m\u00f6chte. Man bel\u00e4sst alle Einstellungen wie im Screenshot gezeigt bei Video- und Audio-Codec auf &#8222;copy&#8220;. Nur unten \u00e4ndert man das Ausgabeformat auf &#8222;MP4-MUXER&#8220; ab \u00fcber die Auswahlliste. Die Konvertierung startet, wenn man \u00fcber &#8222;Video speichern&#8220; geht. Die Pfadauswahl kann nach eigenen W\u00fcnschen angepasst werden. Ist die Konvertierung abgeschlossen, kann die ursr\u00fcngliche .avi-Filmdatei gel\u00f6scht werden um Speicherplatz auf dem Heimrechner zu sparen. Die Konvertierung kann einige Zeit in Anspruch nehmen und h\u00e4ngt letztendlich von der Rechnerleistung bzw. der Dateigr\u00f6\u00dfe ab.<\/p>\n<p><a href=\"https:\/\/www.cycle-in-motion.de\/wordpress\/wp-content\/uploads\/2022\/08\/avidemux.png\"><img loading=\"lazy\" decoding=\"async\" class=\"alignnone size-full wp-image-45844\" src=\"https:\/\/www.cycle-in-motion.de\/wordpress\/wp-content\/uploads\/2022\/08\/avidemux.png\" alt=\"\" width=\"817\" height=\"660\" srcset=\"https:\/\/www.cycle-in-motion.de\/wordpress\/wp-content\/uploads\/2022\/08\/avidemux.png 817w, https:\/\/www.cycle-in-motion.de\/wordpress\/wp-content\/uploads\/2022\/08\/avidemux-495x400.png 495w, https:\/\/www.cycle-in-motion.de\/wordpress\/wp-content\/uploads\/2022\/08\/avidemux-768x620.png 768w, https:\/\/www.cycle-in-motion.de\/wordpress\/wp-content\/uploads\/2022\/08\/avidemux-247x200.png 247w, https:\/\/www.cycle-in-motion.de\/wordpress\/wp-content\/uploads\/2022\/08\/avidemux-510x412.png 510w\" sizes=\"(max-width: 817px) 100vw, 817px\" \/><\/a><\/p>\n<p><strong><span style=\"color: #ff9900;\">\u00c4ltere Filme bis ca. 2012 im .avi Format (xvid-codiert):<br \/><\/span><\/strong>Hier muss nicht nur der Filmcontainer von .avi ins das .mp4 Format umgewandelt werden, sondern der gesamte Film muss zus\u00e4tzlich in den modernen x264-Videocodec umcodiert werden. Auch das erledigt AVIDEMUX im Grunde in einem Arbeitsgang. Allerdings dauert der Vorgang je nach Rechenleistung deutlich l\u00e4nger, denn der Film muss komplett neu gerechnet werden.<\/p>\n<p>\u00dcber &#8222;Datei \u00f6ffnen&#8220; importiert man den Film im .avi Format in AVIDEMUX. Dieser Vorgang dauert einige Zeit, da der Film hier &#8222;eingelesen&#8220; wird. Danach w\u00e4hlt man auf der rechten Seite unter &#8222;Video-Codec&#8220; die Auswahl &#8222;Mpeg4 AVC (x264)&#8220; aus. Darunter in &#8222;Konfigurieren&#8220; kann man die Einstellungen anpassen. Wichtig w\u00e4re nur, dass im Reiter &#8222;Allgemein&#8220; der untere Schieberegler auf Qualit\u00e4t 24 eingestellt wird. Dann wird unten nur noch das Ausgabeformat auf &#8222;MP4-Muxer&#8220; eingestellt. \u00dcber &#8222;speichern&#8220; w\u00e4hlt man dann den Ablageplatz der neuen .mp4 Filmdatei aus und der Rechner beginnt die Codierarbeiten, die sich zeitlich an die Filmspiell\u00e4nge orientieren k\u00f6nnen.<\/p>\n<p><a href=\"https:\/\/www.cycle-in-motion.de\/wordpress\/wp-content\/uploads\/2022\/10\/avidemux-rendering.png\"><img loading=\"lazy\" decoding=\"async\" class=\"alignnone size-full wp-image-48176\" src=\"https:\/\/www.cycle-in-motion.de\/wordpress\/wp-content\/uploads\/2022\/10\/avidemux-rendering.png\" alt=\"\" width=\"739\" height=\"586\" srcset=\"https:\/\/www.cycle-in-motion.de\/wordpress\/wp-content\/uploads\/2022\/10\/avidemux-rendering.png 739w, https:\/\/www.cycle-in-motion.de\/wordpress\/wp-content\/uploads\/2022\/10\/avidemux-rendering-504x400.png 504w, https:\/\/www.cycle-in-motion.de\/wordpress\/wp-content\/uploads\/2022\/10\/avidemux-rendering-247x196.png 247w, https:\/\/www.cycle-in-motion.de\/wordpress\/wp-content\/uploads\/2022\/10\/avidemux-rendering-510x404.png 510w\" sizes=\"(max-width: 739px) 100vw, 739px\" \/><\/a><\/p>\n<p>\u00a0<\/p>\n<p>In einem zweiten Schritt ist die Steuerdatei abzu\u00e4ndern auf die richtige Filmdatei-Endung .mp4. Man ruft sich die entsprechende .xml-Datei auf und \u00e4ndert mit einem Editor seiner Wahl die Filmdatei auf .mp4 ab und speichert diese; hier z.B. bei der Datei &#8222;MonteBaldo.xml&#8220;.<\/p>\n<p><a href=\"https:\/\/www.cycle-in-motion.de\/wordpress\/wp-content\/uploads\/2022\/08\/incyclist-xml-mp4.png\"><img loading=\"lazy\" decoding=\"async\" class=\"alignnone size-full wp-image-45845\" src=\"https:\/\/www.cycle-in-motion.de\/wordpress\/wp-content\/uploads\/2022\/08\/incyclist-xml-mp4.png\" alt=\"\" width=\"779\" height=\"360\" srcset=\"https:\/\/www.cycle-in-motion.de\/wordpress\/wp-content\/uploads\/2022\/08\/incyclist-xml-mp4.png 779w, https:\/\/www.cycle-in-motion.de\/wordpress\/wp-content\/uploads\/2022\/08\/incyclist-xml-mp4-768x355.png 768w, https:\/\/www.cycle-in-motion.de\/wordpress\/wp-content\/uploads\/2022\/08\/incyclist-xml-mp4-247x114.png 247w, https:\/\/www.cycle-in-motion.de\/wordpress\/wp-content\/uploads\/2022\/08\/incyclist-xml-mp4-510x236.png 510w\" sizes=\"(max-width: 779px) 100vw, 779px\" \/><\/a><\/p>\n<p>Diese neue .xml Datei wird dann zur Installation f\u00fcr incyclist genutzt.<\/p>\n<p>Sollten sich Fragen oder Schwierigkeiten ergeben bei der Installation unserer Filme, nutzen Sie bitte unsere<span style=\"color: #f99b1c;\"> <a style=\"color: #f99b1c;\" href=\"https:\/\/www.cycle-in-motion.de\/de\/support.html\">Support-Seite<\/a><\/span>. Wir helfen Ihnen gerne weiter.<\/p>\n<p>Ab 2023 werden unsere neuen Filme in der bekannten Bildqualit\u00e4t automatisiert bei der Installation des Films auf dem Kundenrechner in das mp4 Format umgewandelt.<\/p>\n\n<\/div><\/div>\n\n<\/div>\n<h3 class=\"accordion_title\">Download<\/h3><div class=\"accordion\">\n\n<div id=\"accordion-787703716\" class=\"accordion-item\"><a id=\"accordion-787703716-label\" href=\"#\" class=\"accordion-title plain\" aria-expanded=\"false\" aria-controls=\"accordion-787703716-content\"><button class=\"toggle\" aria-label=\"Toggle\"><i class=\"icon-angle-down\"><\/i><\/button><span>\u00dcber welche Internetverbindung sollte ich bei einem Download der Filme verf\u00fcgen?<\/span><\/a><div id=\"accordion-787703716-content\" class=\"accordion-inner\" aria-labelledby=\"accordion-787703716-label\">\n\n<p>Ab DSL 16.000 halten wir einen Download f\u00fcr unsere Filme f\u00fcr praktikabel. Sie k\u00f6nnen \u00fcber<span style=\"color: #00ffff;\"><strong> &#8222;<a style=\"color: #00ffff;\" title=\"Wie ist meine IP?\" href=\"https:\/\/www.wieistmeineip.de\/\" target=\"_blank\" rel=\"noopener noreferrer\">Wie ist meine IP<\/a>&#8222;<\/strong><\/span> Ihre Internetanbindung testen.<\/p>\n\n<\/div><\/div>\n<div id=\"accordion-617122403\" class=\"accordion-item\"><a id=\"accordion-617122403-label\" href=\"#\" class=\"accordion-title plain\" aria-expanded=\"false\" aria-controls=\"accordion-617122403-content\"><button class=\"toggle\" aria-label=\"Toggle\"><i class=\"icon-angle-down\"><\/i><\/button><span>Download \u00fcber Browser nur zuverl\u00e4ssig \u00fcber 'Firefox', 'Google Chrome', 'Opera'!<\/span><\/a><div id=\"accordion-617122403-content\" class=\"accordion-inner\" aria-labelledby=\"accordion-617122403-label\">\n\n<p>Wichtig: verwenden Sie<span style=\"color: #00ffff;\"> bitte keinen<\/span> Microsoft Browser f\u00fcr den Download der Dateien, dies gilt f\u00fcr den &#8218;Internet Explorer&#8216; als auch f\u00fcr den &#8218;Microsoft Edge&#8216;!<\/p>\n<p>Die von uns \u00fcber das Kundenmen\u00fc zur Verf\u00fcgung gestellten Download-Links werden \u00fcber unseren Server permanent \u00fcberwacht. Keine fremde Person kann sich zwischen Ihnen und unserem Download-Server schalten, wenn Sie die Filme \u00fcber unser Kundenmen\u00fc herunterladen.<\/p>\n<p>Sollte Ihr Rechner einen Virenbefall melden, ist dies bei unseren Dateien auszuschlie\u00dfen. Deaktivieren Sie f\u00fcr den Download dann Ihren Virenscanner.<\/p>\n<p>Sie haben zwar bis zu 5 Download-Versuche pro Datei, diese sind aber im Grunde nicht notwendig bei unserer Technik. Sie m\u00fcssen auch kein Probe-Downloads durchf\u00fchren. Der Download wird von unserem Server vollst\u00e4ndig \u00fcberwacht. Sollten Sie die max. Anzahl an Download-Versuchen \u00fcber das Kundenmen\u00fc trotzdem ausgereizt haben, teilen Sie uns dies per Support-Anfrage bitte mit, wir schalten Sie dann wieder frei.<\/p>\n<p><strong><span style=\"color: #00ffff;\">ACHTUNG:<\/span><\/strong> Laden Sie nicht alle Download-Dateien von einem Film gleichzeitig von unserem Server herunter sondern beschr\u00e4nken es auf maximal 3 Dateien.<\/p>\n<p>&nbsp;<\/p>\n\n<\/div><\/div>\n\n<\/div>\n\n\t\t<\/div>\n\t\t\t\t\t<\/div>\n\n\t\n\n<\/div>\n\n","protected":false},"excerpt":{"rendered":"","protected":false},"author":1,"featured_media":0,"parent":106,"menu_order":99,"comment_status":"closed","ping_status":"closed","template":"page-blank.php","meta":{"footnotes":""},"_links":{"self":[{"href":"https:\/\/www.cycle-in-motion.de\/index.php?rest_route=\/wp\/v2\/pages\/54"}],"collection":[{"href":"https:\/\/www.cycle-in-motion.de\/index.php?rest_route=\/wp\/v2\/pages"}],"about":[{"href":"https:\/\/www.cycle-in-motion.de\/index.php?rest_route=\/wp\/v2\/types\/page"}],"author":[{"embeddable":true,"href":"https:\/\/www.cycle-in-motion.de\/index.php?rest_route=\/wp\/v2\/users\/1"}],"replies":[{"embeddable":true,"href":"https:\/\/www.cycle-in-motion.de\/index.php?rest_route=%2Fwp%2Fv2%2Fcomments&post=54"}],"version-history":[{"count":50,"href":"https:\/\/www.cycle-in-motion.de\/index.php?rest_route=\/wp\/v2\/pages\/54\/revisions"}],"predecessor-version":[{"id":73228,"href":"https:\/\/www.cycle-in-motion.de\/index.php?rest_route=\/wp\/v2\/pages\/54\/revisions\/73228"}],"up":[{"embeddable":true,"href":"https:\/\/www.cycle-in-motion.de\/index.php?rest_route=\/wp\/v2\/pages\/106"}],"wp:attachment":[{"href":"https:\/\/www.cycle-in-motion.de\/index.php?rest_route=%2Fwp%2Fv2%2Fmedia&parent=54"}],"curies":[{"name":"wp","href":"https:\/\/api.w.org\/{rel}","templated":true}]}}