{"id":14456,"date":"2020-10-17T17:33:16","date_gmt":"2020-10-17T15:33:16","guid":{"rendered":"https:\/\/www.cycle-in-motion.de\/?post_type=product&#038;p=14456"},"modified":"2025-11-02T16:06:37","modified_gmt":"2025-11-02T15:06:37","slug":"sankt-peter-ording-32-km-53-hm","status":"publish","type":"product","link":"https:\/\/www.cycle-in-motion.de\/?product=sankt-peter-ording-32-km-53-hm","title":{"rendered":"Sankt Peter Ording &#8211; 32 km &#8211; 53 hm"},"content":{"rendered":"<p><span style=\"font-size: 11;\">Sankt Peter Ording oder gerne nur mit &#8222;SPO&#8220; abgek\u00fcrzt, liegt s\u00fcdwestlich am Rand der Halbinsel Eiderstedt in Schleswig-Holstein. Die Tour beginnt \u00f6stlich von Sankt Peter Ording in Tating. Bekannt ist &#8222;SPO&#8220; durch seinen ber\u00fchmten, bis zu 12 km langen und bis zu 2 km breiten Sandstrand, wie es ihn in Deutschland nirgendswo anders gibt. Die Strecke wurde von uns mit einem Crossrad befahren, kann aber problemlos auch als sch\u00f6ne Einrolltour zum Rennradtraining genutzt werden. H\u00f6henmeter macht man nur in Form von kleinen Minirampen, bedingt durch die Deichanlagen, die das Landesinnere vor der manchmal wilden Nordsee sch\u00fctzt.<\/span><\/p>\n<p><span style=\"font-size: 100%;\">Befahren werden nur verkehrsarme Nebenstrecken und \u00fcberwiegend geteerte Radwege, die sich sch\u00f6n entlang der K\u00fcste anschmiegen. Das ein odere andere Wildgatter muss ge\u00f6ffnet werden, um die Weiterfahrt zu gew\u00e4hrleisten. Landschaftlich sp\u00fcrt man den k\u00fchleren, nordfriesischen Fahrtwind und die abwechslungsreiche K\u00fcstenzeichnung pr\u00e4gt sich stark ein. Eine tolle und beruhigende Landschaft breite sich hier oben aus, die wir so auch noch nicht kannten. Es hat viel Spass gemacht hier oben zu trainieren. Leider war an dem Vormittag die Kameratechnik nicht optimal justiert und wir mussten technisch etwas die Bildwackler abschw\u00e4chen, was aber den Fahrspass nicht tr\u00fcben sollte.<\/span><\/p>\n<p>Hier der externe Link zur <em><strong><a href=\"https:\/\/umap.openstreetmap.de\/de\/map\/tourenkarte_75901?feature=Aktueller%20Track%3A%2004%20AUG%202020%2008%3A41#13\/54.3109\/8.6629\" target=\"_blank\" rel=\"noopener\"><span style=\"color: #f99b1c;\">Kartenansicht der Tour <\/span><\/a><\/strong><\/em><span style=\"color: #f99b1c;\">\ud83d\udd17<\/span><\/p>\n<p><span style=\"font-size: 75%;\">Auf dieser Website sind externe Links mit diesem Symbol \ud83d\udd17gekennzeichnet. Bitte beachten Sie unsere <span style=\"color: #f99b1c;\"><a style=\"color: #f99b1c;\" href=\"https:\/\/www.cycle-in-motion.de\/?page_id=1242\">Datenschutzerkl\u00e4rung<\/a><\/span>.<\/span><\/p>\n<p style=\"text-align: center;\">\n","protected":false},"excerpt":{"rendered":"<div class=\"short-description\">\n<div class=\"std\">\n<p>Sankt Peter Ording oder gerne nur mit &#8222;SPO&#8220; abgek\u00fcrzt, liegt s\u00fcdwestlich am Rand der Halbinsel Eiderstedt in Schleswig-Holstein.<\/p>\n<p><span style=\"color: #282828; background-color: #ff9900;\">FILMTITEL: SPO<\/span><\/p>\n<p>&nbsp;<\/p>\n<p>&nbsp;<\/p>\n<\/div>\n<\/div>\n","protected":false},"featured_media":14465,"template":"","meta":[],"_links":{"self":[{"href":"https:\/\/www.cycle-in-motion.de\/index.php?rest_route=\/wp\/v2\/product\/14456"}],"collection":[{"href":"https:\/\/www.cycle-in-motion.de\/index.php?rest_route=\/wp\/v2\/product"}],"about":[{"href":"https:\/\/www.cycle-in-motion.de\/index.php?rest_route=\/wp\/v2\/types\/product"}],"wp:featuredmedia":[{"embeddable":true,"href":"https:\/\/www.cycle-in-motion.de\/index.php?rest_route=\/wp\/v2\/media\/14465"}],"wp:attachment":[{"href":"https:\/\/www.cycle-in-motion.de\/index.php?rest_route=%2Fwp%2Fv2%2Fmedia&parent=14456"}],"curies":[{"name":"wp","href":"https:\/\/api.w.org\/{rel}","templated":true}]}}