{"id":314,"date":"2019-09-15T17:15:23","date_gmt":"2019-09-15T15:15:23","guid":{"rendered":"http:\/\/h2846401.stratoserver.net\/wordpress\/?post_type=product&#038;p=314"},"modified":"2025-11-02T18:21:57","modified_gmt":"2025-11-02T17:21:57","slug":"testprodukt-1","status":"publish","type":"product","link":"https:\/\/www.cycle-in-motion.de\/?product=testprodukt-1","title":{"rendered":"Altm\u00fchlsee &#8211; 16 km &#8211; 11 hm"},"content":{"rendered":"<p>Der Altm\u00fchlsee ist ein k\u00fcnstlich angelegter Stausee im fr\u00e4nkischen Seenland bei Gunzenhausen und wurde erst 1985 geflutet. Er stellt die l\u00e4ngste Stauanlage in Deutschland mit rd. 12,5 km L\u00e4nge dar. Der Nordosten des Stausees ruft bei Ornithologen viel Freude hervor, da dort ein rd. 125 ha gro\u00dfes Naturschutzgebiet f\u00fcr V\u00f6gel entstand. Dort gibt es unz\u00e4hlige kleine Inseln. Der Stausee ist nur knapp 3 Meter tief und l\u00e4dt an einigen Strandabschnitten zum Schwimmen ein. \u00dcber den Altm\u00fchl\u00fcberleiter wird der Kleine Brombachsee versorgt.<\/p>\n<p style=\"text-align: left;\">Bei tollem Wetter und Temperaturen von knapp 35 Grad wurde es ziemlich warm beim Filmen. Die Strecke verl\u00e4uft &#8211; bis auf die ca 3 km lange Anfahrt &#8211; auf einem Radweg entlang des am Rande des Staudaums und gibt viele Einblicke frei in die herrliche Natur im fr\u00e4nkischen Seenland.<\/p>\n<p>Hier der externe Link zur <em><strong><a href=\"https:\/\/umap.openstreetmap.de\/de\/map\/tourenkarte_75901?feature=Altmuehlsee_processed#14\/49.1346\/10.7320\" target=\"_blank\" rel=\"noopener\"><span style=\"color: #f99b1c;\">Kartenansicht der Tour <\/span><\/a><\/strong><\/em>\ud83d\udd17<\/p>\n<p><span style=\"font-size: 75%;\">Auf dieser Website sind externe Links mit diesem Symbol \ud83d\udd17gekennzeichnet. Bitte beachten Sie unsere <a href=\"https:\/\/www.cycle-in-motion.de\/?page_id=1242\"><span style=\"color: #f99b1c;\">Datenschutzerkl\u00e4rung<\/span><\/a>.<\/span><\/p>\n<p style=\"text-align: center;\"><iframe loading=\"lazy\" src=\"https:\/\/www.youtube.com\/embed\/iSfb4RYO1-8\" width=\"560\" height=\"315\" frameborder=\"0\" allowfullscreen=\"allowfullscreen\"><\/iframe><\/p>\n<p style=\"text-align: center;\"><span style=\"font-size: 80%;\">Youtube spielt unsere Filme in einer stark heruntergesetzten Videoqualit\u00e4t ab! <\/span><br \/>\n<span style=\"font-size: 80%;\">Einen Eindruck der original Qualit\u00e4t erhalten Sie \u00fcber unsere Demoseite.<\/span><\/p>\n","protected":false},"excerpt":{"rendered":"<div class=\"short-description\">\n<div class=\"std\">\n<p>Der Altm\u00fchlsee ist ein k\u00fcnstlich angelegter Stausee im fr\u00e4nkischen Seenland bei Gunzenhausen und wurde erst 1985 geflutet.<\/p>\n<p><span style=\"background-color: #ff9900; color: #282828;\">FILMTITEL: Altmuehlsee<\/span><\/p>\n<p>&nbsp;<\/p>\n<\/div>\n<\/div>\n","protected":false},"featured_media":317,"template":"","meta":[],"_links":{"self":[{"href":"https:\/\/www.cycle-in-motion.de\/index.php?rest_route=\/wp\/v2\/product\/314"}],"collection":[{"href":"https:\/\/www.cycle-in-motion.de\/index.php?rest_route=\/wp\/v2\/product"}],"about":[{"href":"https:\/\/www.cycle-in-motion.de\/index.php?rest_route=\/wp\/v2\/types\/product"}],"wp:featuredmedia":[{"embeddable":true,"href":"https:\/\/www.cycle-in-motion.de\/index.php?rest_route=\/wp\/v2\/media\/317"}],"wp:attachment":[{"href":"https:\/\/www.cycle-in-motion.de\/index.php?rest_route=%2Fwp%2Fv2%2Fmedia&parent=314"}],"curies":[{"name":"wp","href":"https:\/\/api.w.org\/{rel}","templated":true}]}}