{"id":35751,"date":"2022-01-15T12:52:40","date_gmt":"2022-01-15T11:52:40","guid":{"rendered":"https:\/\/www.cycle-in-motion.de\/?post_type=product&#038;p=35751"},"modified":"2025-11-26T09:23:50","modified_gmt":"2025-11-26T08:23:50","slug":"mondsee-radmarathon-2k-4k-190-km-2-495-hm","status":"publish","type":"product","link":"https:\/\/www.cycle-in-motion.de\/?product=mondsee-radmarathon-2k-4k-190-km-2-495-hm","title":{"rendered":"Mondsee Radmarathon 2k\/4k &#8211; 190 km &#8211; 2.495 hm"},"content":{"rendered":"<p><span style=\"font-size: 11;\">Die offzielle Bezeichnung lautet &#8222;Mondsee 5 Seen Radmarathon&#8220;, der Radklassiker im Salzkammergut. Dieser Marathon geh\u00f6rt zur Rennserie des \u00f6sterreichischen Alpencups neben dem Eddy Merckx Radmarathon und dem bereits von uns gefilmten Amade Radmarathon.<br \/>\n<\/span><\/p>\n<p>Technisch musste der Film aufgrund der extremen L\u00e4nge in zwei Teile getrennt werden. Der erste Teil f\u00fchrt von Mondsee bis Bad Goisern mit Postalmanstieg sowie Pass Gsch\u00fctt. Der zweite Teil dann von Bad Goisern \u00fcber die Reststrecke zur\u00fcck nach Mondsee. Aufgrund der h\u00f6heren Datenmenge wird es keine DVD-Version dieses Filmes geben.<\/p>\n<p><span style=\"font-size: 11;\"> Die Streckenf\u00fchrung variiert \u00fcber die Jahre immer mal etwas. Wir fahren die Variante vom Mondsee zum Wolfgangsee, danach erfolgt z\u00fcgig der mit ca. 12 km L\u00e4nge anstregenste Anstieg zur Postalm hinauf. Die anschlie\u00dfende Abfahrt f\u00fchrt uns eingige Zeit sp\u00e4ter \u00fcber eine entspannte Anfahrt zum Pass Gsch\u00fctt. Von hier aus geht es recht stail abw\u00e4rts und der Hallst\u00e4tter See wird erreicht. \u00dcber Bad Ischl geht es dann recht z\u00fcgig zum Traunsee entlang der sch\u00f6nen alten Verbindungsstrasse direkt am Felsufer, die jetzt nur noch ein sch\u00f6ner breiter Radweg ist. Nach einem weiteren kleinen Anstieg geht es hinunter zum Attersee. Hier beginnt dann einige Zeit sp\u00e4ter nochmals ein kurzer Anstieg mit anschlie\u00dfender Abfahrt hinunter zum Mondsee.<\/span><\/p>\n<p>Die Radmarathon f\u00fchrt \u00fcber viele Marktgemeinden die vielleicht bekannter sind u.a. Gschwand, Gosau, Bad Goisern, Traunkirchen, Vichtau, Weyregg und viele mehr. Die Strecke ist sehr abwechslungsreich und durch die vielen Befahrungen entlang der Seen ergeben sich immer wieder sch\u00f6ne Landschaftsansichten.<\/p>\n<p>Dieser Film wird auch in 4k als Download angeboten. Aufgrund der h\u00f6heren Datenmenge wird es keine Blu-ray als 4k-Version geben. Unsere Bildqualit\u00e4t hat mit normalen Gopro oder anderweitigen Mini-Kamera-Aufnahmen nichts zu tun. Wer 4k ausw\u00e4hlt, sollte vorher sich das Demo unseres 4k-Allg\u00e4u auf dem eigenen System installieren und testen. Nur wenn diese Demo gut l\u00e4uft empfehlen wir die 4k-Version, die nat\u00fcrlich optisch wirklich ein Augenschmaus darstellt.<\/p>\n<p>Hier der externe Link zur <span style=\"color: #f99b1c;\"><em><strong><a style=\"color: #f99b1c;\" href=\"https:\/\/umap.openstreetmap.de\/de\/map\/tourenkarte_75901?feature=Mondsee%20komplett#11\/47.7631\/13.5513\" target=\"_blank\" rel=\"noopener\">Kartenansicht der Tour <\/a><\/strong><\/em><\/span>\ud83d\udd17<\/p>\n<p><span style=\"font-size: 75%;\">Auf dieser Website sind externe Links mit diesem Symbol \ud83d\udd17gekennzeichnet. Bitte beachten Sie unsere<span style=\"color: #f99b1c;\"> <a style=\"color: #f99b1c;\" href=\"https:\/\/www.cycle-in-motion.de\/?page_id=1242\">Datenschutzerkl\u00e4rung<\/a>.<\/span><\/span><\/p>\n","protected":false},"excerpt":{"rendered":"<div class=\"short-description\">\n<div class=\"std\">Der Mondsee Radmarathon geh\u00f6rt zur bekannten Rennserie des \u00f6sterreichischen Alpencups neben dem Eddy Merckx Radmarathon und dem bereits von uns gefilmten Amade Radmarathon.<\/div>\n<\/div>\n<div><\/div>\n<div><span style=\"background-color: #ff9900; color: #282828;\">FILMTITEL: Mondsee-1<br \/>\nFILMTITEL: Mondsee-2<br \/>\n<\/span><\/div>\n","protected":false},"featured_media":35769,"template":"","meta":[],"_links":{"self":[{"href":"https:\/\/www.cycle-in-motion.de\/index.php?rest_route=\/wp\/v2\/product\/35751"}],"collection":[{"href":"https:\/\/www.cycle-in-motion.de\/index.php?rest_route=\/wp\/v2\/product"}],"about":[{"href":"https:\/\/www.cycle-in-motion.de\/index.php?rest_route=\/wp\/v2\/types\/product"}],"wp:featuredmedia":[{"embeddable":true,"href":"https:\/\/www.cycle-in-motion.de\/index.php?rest_route=\/wp\/v2\/media\/35769"}],"wp:attachment":[{"href":"https:\/\/www.cycle-in-motion.de\/index.php?rest_route=%2Fwp%2Fv2%2Fmedia&parent=35751"}],"curies":[{"name":"wp","href":"https:\/\/api.w.org\/{rel}","templated":true}]}}