{"id":450,"date":"2019-09-17T16:52:57","date_gmt":"2019-09-17T14:52:57","guid":{"rendered":"http:\/\/h2846401.stratoserver.net\/wordpress\/?post_type=product&#038;p=450"},"modified":"2025-11-02T18:18:07","modified_gmt":"2025-11-02T17:18:07","slug":"brombachsee-22-km-73-hm","status":"publish","type":"product","link":"https:\/\/www.cycle-in-motion.de\/?product=brombachsee-22-km-73-hm","title":{"rendered":"Brombachsee &#8211; 22 km &#8211; 73 hm"},"content":{"rendered":"<p>Der Brombachsee liegt ca. 6 km \u00f6stlich vom Altm\u00fchlsee entfernt und stellt mit seinen zwei zugeh\u00f6rigen kleinen Seen (Kleiner Brombachsee und Igelsbachsee) den gr\u00f6\u00dften See in Franken dar. Der Speichersee wurde erst im Jahre 2000 eingeweiht.\u00a0Der Film wurde einen Tag nach dem Altm\u00fchlsee bei bestem Wetter aufgezeichnet. Wir befahren den langen Radweg um den See herum. Es herrschte aufgrund eines prognostizierten Wetterwechsels\u00a0bei der Befahrung entlang\u00a0der Staumauer bereits ein heftiger Wind &#8211;\u00a0gut zu erkennen an den doch erheblichen Wellen auf dem ansonsten eher ruhigen See. Der Radweg ist in einem hervorragenden Zustand und ist zu rd. 90 %\u00a0geteert.<\/p>\n<p>Hier der externe Link zur <em><strong><a href=\"https:\/\/umap.openstreetmap.de\/de\/map\/tourenkarte_75901?feature=Brombachsee_processed#14\/49.1314\/10.9104\" target=\"_blank\" rel=\"noopener\"><span style=\"color: #f99b1c;\">Kartenansicht der Tour <\/span><\/a><\/strong><\/em>\ud83d\udd17<\/p>\n<p><span style=\"font-size: 75%;\">Auf dieser Website sind externe Links mit diesem Symbol \ud83d\udd17gekennzeichnet. Bitte beachten Sie unsere <span style=\"color: #f99b1c;\"><a style=\"color: #f99b1c;\" href=\"https:\/\/www.cycle-in-motion.de\/?page_id=1242\">Datenschutzerkl\u00e4rung<\/a><\/span>.<\/span><\/p>\n<p style=\"text-align: center;\"><iframe loading=\"lazy\" src=\"https:\/\/www.youtube.com\/embed\/iSfb4RYO1-8\" width=\"560\" height=\"315\" frameborder=\"0\" allowfullscreen=\"allowfullscreen\"><\/iframe><\/p>\n<p style=\"text-align: center;\"><span style=\"font-size: 80%;\">Youtube spielt unsere Filme in einer stark heruntergesetzten Videoqualit\u00e4t ab! <\/span><br \/>\n<span style=\"font-size: 80%;\">Einen Eindruck der original Qualit\u00e4t erhalten Sie \u00fcber unsere Demoseite.<\/span><\/p>\n","protected":false},"excerpt":{"rendered":"<div class=\"short-description\">\n<div class=\"std\">\n<p>Der Brombachsee liegt ca. 6 km \u00f6stlich vom Altm\u00fchlsee entfernt und stellt mit seinen zwei zugeh\u00f6rigen kleinen Seen (Kleiner Brombachsee und Igelsbachsee) den gr\u00f6\u00dften See in Franken dar.<\/p>\n<\/div>\n<p><span style=\"color: #282828; background-color: #ff9900;\">FILMTITEL: Brombachsee<\/span><\/p>\n<\/div>\n","protected":false},"featured_media":454,"template":"","meta":[],"_links":{"self":[{"href":"https:\/\/www.cycle-in-motion.de\/index.php?rest_route=\/wp\/v2\/product\/450"}],"collection":[{"href":"https:\/\/www.cycle-in-motion.de\/index.php?rest_route=\/wp\/v2\/product"}],"about":[{"href":"https:\/\/www.cycle-in-motion.de\/index.php?rest_route=\/wp\/v2\/types\/product"}],"wp:featuredmedia":[{"embeddable":true,"href":"https:\/\/www.cycle-in-motion.de\/index.php?rest_route=\/wp\/v2\/media\/454"}],"wp:attachment":[{"href":"https:\/\/www.cycle-in-motion.de\/index.php?rest_route=%2Fwp%2Fv2%2Fmedia&parent=450"}],"curies":[{"name":"wp","href":"https:\/\/api.w.org\/{rel}","templated":true}]}}