{"id":464,"date":"2019-09-17T17:05:39","date_gmt":"2019-09-17T15:05:39","guid":{"rendered":"http:\/\/h2846401.stratoserver.net\/wordpress\/?post_type=product&#038;p=464"},"modified":"2025-11-02T18:16:09","modified_gmt":"2025-11-02T17:16:09","slug":"volkach-25-km-304-hm","status":"publish","type":"product","link":"https:\/\/www.cycle-in-motion.de\/?product=volkach-25-km-304-hm","title":{"rendered":"Volkach &#8211; 25 km &#8211; 304 hm"},"content":{"rendered":"<p>Diesmal haben wir einen Abstecher nach Volkach am Main gemacht, dem Weinort am Main. Kurz vor Volkach nutzen wir den recht schmalen Mainradweg, sp\u00e4ter geht es \u00fcber Wirtschaftsweg an den f\u00fcr Weinreben besonders g\u00fcnstigen S\u00fcdhang, der direkt in einer Mainschleife bei Volkach liegt. Dort oben wachsen die besten Reben in der Region und der Wein von dort oben wird jedes Jahr hoch pr\u00e4miert.<\/p>\n<p>Das Hinterland befahren wir auf gut geteerten Ortsverbindungsstrassen. Hier hinten bl\u00e4sst der Wind an einigen Kanten besonders g\u00fcnstig. Nicht umsonst stehen hier die gr\u00f6\u00dften Windkraftr\u00e4der der Region. Am Filmtag blies der Wind entsprechend kr\u00e4ftig, was im Film auch gut zu erkennen ist. Die Anstiege sind meist kurz, daf\u00fcr hin und wieder etwas steiler.<\/p>\n<p>Die Strecke kann gut zum Intervalltraining genutzt werden. Die Rollerabschnitte wechseln sich mit den kurzen Anstiegen sch\u00f6n ab.<\/p>\n<p>Hier der externe Link zur <span style=\"color: #f99b1c;\"><em><strong><a style=\"color: #f99b1c;\" href=\"https:\/\/umap.openstreetmap.de\/de\/map\/tourenkarte_75901?feature=Volkach_processed#14\/49.8816\/10.1713\" target=\"_blank\" rel=\"noopener\">Kartenansicht der Tour <\/a><\/strong><\/em>\ud83d\udd17<\/span><\/p>\n<p><span style=\"font-size: 75%;\">Auf dieser Website sind externe Links mit diesem Symbol \ud83d\udd17gekennzeichnet. Bitte beachten Sie unsere <span style=\"color: #f99b1c;\"><a style=\"color: #f99b1c;\" href=\"https:\/\/www.cycle-in-motion.de\/?page_id=1242\">Datenschutzerkl\u00e4rung<\/a><\/span>.<\/span><\/p>\n","protected":false},"excerpt":{"rendered":"<div class=\"short-description\">\n<div class=\"std\">\n<p><span style=\"font-size: 100%;\">Diesmal haben wir einen Abstecher nach Volkach am Main gemacht, dem Weinort am Main.<br \/>\n<\/span><\/p>\n<p><span style=\"font-size: 100%; color: #282828; background-color: #ff9900;\">FILMTITEL: Volkach<\/span><\/p>\n<\/div>\n<\/div>\n","protected":false},"featured_media":470,"template":"","meta":[],"_links":{"self":[{"href":"https:\/\/www.cycle-in-motion.de\/index.php?rest_route=\/wp\/v2\/product\/464"}],"collection":[{"href":"https:\/\/www.cycle-in-motion.de\/index.php?rest_route=\/wp\/v2\/product"}],"about":[{"href":"https:\/\/www.cycle-in-motion.de\/index.php?rest_route=\/wp\/v2\/types\/product"}],"wp:featuredmedia":[{"embeddable":true,"href":"https:\/\/www.cycle-in-motion.de\/index.php?rest_route=\/wp\/v2\/media\/470"}],"wp:attachment":[{"href":"https:\/\/www.cycle-in-motion.de\/index.php?rest_route=%2Fwp%2Fv2%2Fmedia&parent=464"}],"curies":[{"name":"wp","href":"https:\/\/api.w.org\/{rel}","templated":true}]}}