{"id":474,"date":"2019-09-17T17:12:41","date_gmt":"2019-09-17T15:12:41","guid":{"rendered":"http:\/\/h2846401.stratoserver.net\/wordpress\/?post_type=product&#038;p=474"},"modified":"2025-11-02T18:13:43","modified_gmt":"2025-11-02T17:13:43","slug":"col-de-jau-26-km-1-195-hm-kopie","status":"publish","type":"product","link":"https:\/\/www.cycle-in-motion.de\/?product=col-de-jau-26-km-1-195-hm-kopie","title":{"rendered":"Col de Jau &#8211; 26 km &#8211; 1.195 hm"},"content":{"rendered":"<p>F\u00fcr den ersten in Kinotechnik gedrehten RLV-&#8222;Film&#8220; waren wir auf der Suche nach einer ganz besonderen Landschaft, die nicht nur das Auge, sondern jeden Rennradfahrer begeistert. F\u00fcndig wurden wir in den Pyren\u00e4en in der N\u00e4he von Perpignan. Die Tour de France befuhr diesen nat\u00fcrlichen Landschaftsabschnitt letztmalig in 2001 auf der Etappe von Perpignon nach Ax-les-Thermes.<\/p>\n<p>Ein sch\u00f6n zu fahrender, meist recht gleichm\u00e4\u00dfiger Anstieg mit k\u00fcrzeren flacheren Passagen. Im oberen Teil wird die Angelegenheit allerdings etwas anstrengender. Wir fahren auf einsamsten Str\u00e4sschen hinauf zum Col d\u00b4Jau. Eine Besonderheit ist die Durchquerung des mittelalterlichen Ortes Mosset, der wie kein zweiter Ort den Charakter der Region widerspiegelt.<\/p>\n<p style=\"text-align: center;\"><iframe loading=\"lazy\" src=\"https:\/\/www.youtube.com\/embed\/k7Qrfd_yiDc\" width=\"900\" height=\"394\" frameborder=\"0\" allowfullscreen=\"allowfullscreen\"><span style=\"display: inline-block; width: 0px; overflow: hidden; line-height: 0;\" data-mce-type=\"bookmark\" class=\"mce_SELRES_start\">\ufeff<\/span><\/iframe><\/p>\n","protected":false},"excerpt":{"rendered":"<div class=\"short-description\">\n<div class=\"std\">\n<p><span style=\"font-size: 100%;\">F\u00fcr den ersten in Kinotechnik gedrehten RLV-&#8222;Film&#8220; waren wir auf der Suche nach einer ganz besonderen Landschaft, die nicht nur das Auge, sondern jeden Rennradfahrer begeistert.<\/span><\/p>\n<p><span style=\"font-size: 100%; color: #282828; background-color: #ff9900;\">FILMTITEL: Jau<\/span><\/p>\n<\/div>\n<\/div>\n","protected":false},"featured_media":481,"template":"","meta":[],"_links":{"self":[{"href":"https:\/\/www.cycle-in-motion.de\/index.php?rest_route=\/wp\/v2\/product\/474"}],"collection":[{"href":"https:\/\/www.cycle-in-motion.de\/index.php?rest_route=\/wp\/v2\/product"}],"about":[{"href":"https:\/\/www.cycle-in-motion.de\/index.php?rest_route=\/wp\/v2\/types\/product"}],"wp:featuredmedia":[{"embeddable":true,"href":"https:\/\/www.cycle-in-motion.de\/index.php?rest_route=\/wp\/v2\/media\/481"}],"wp:attachment":[{"href":"https:\/\/www.cycle-in-motion.de\/index.php?rest_route=%2Fwp%2Fv2%2Fmedia&parent=474"}],"curies":[{"name":"wp","href":"https:\/\/api.w.org\/{rel}","templated":true}]}}