{"id":486,"date":"2019-09-17T17:25:32","date_gmt":"2019-09-17T15:25:32","guid":{"rendered":"http:\/\/h2846401.stratoserver.net\/wordpress\/?post_type=product&#038;p=486"},"modified":"2025-11-02T18:11:25","modified_gmt":"2025-11-02T17:11:25","slug":"rotweinwanderweg-32-km-501-hm-kopie","status":"publish","type":"product","link":"https:\/\/www.cycle-in-motion.de\/?product=rotweinwanderweg-32-km-501-hm-kopie","title":{"rendered":"Rotweinwanderweg &#8211; 32 km &#8211; 501 hm"},"content":{"rendered":"<p>Der fr\u00e4nkische Rotweinwanderweg z\u00e4hlt zu den Attraktionen am bayerischen Untermain und bietet neben vielen Naturwegen mit sehr hohem Trailanteil einen \u00dcberblick \u00fcber das Weinanbaugebiet. Entlang der Weinberge gibt es besonders im Herbst viele H\u00e4ckertermine, was wir nat\u00fcrlich nicht filmisch dokumentieren konnten. Der komplette Wanderweg besteht aus insgesamt 79 km, wobei empfohlen wird, die Wanderung auf 6 Tage zu verteilen. Bei unserer Streckenauswahl haben wir das besonders attraktive Teilst\u00fcck unter die Mountainbiker\u00e4der genommen, dass uns in S\u00fcdrichtung zum Kloster Engelberg bringen wird.<\/p>\n<p>Besonders viel Wert haben wir auf die technische Umsetzung gelegt, gerade was auch das Befahren von Spitzkehren und anspruchsvollen Trails angeht. Das Ergebnis sollte sich nahtlos in der von uns gewohnten Real Life Video-Qualit\u00e4t von Cycle-in-Motion einreihen. Auch hier haben wir nicht auf NEMESyS verzichtet und erm\u00f6glichen hierdurch authentische Fahreindr\u00fccke von der Strecke, wie es gew\u00f6hnliche MTB-Real Life Videos nicht ansatzweise r\u00fcberbringen!<\/p>\n<p>Die Strecke kann gut zum Intervalltraining genutzt werden. Wer es eher gem\u00e4chlich mag, kann die Tour auch in niedriger Belastung gut abfahren. Der reine Asphaltanteil der Strecke d\u00fcrfte bei ca. 15 % liegen.<\/p>\n<p>Hier der externe Link zur <em><strong><a href=\"https:\/\/umap.openstreetmap.de\/de\/map\/tourenkarte_75901?feature=Rotweinwanderweg%201#12\/49.8051\/9.1998\" target=\"_blank\" rel=\"noopener\"><span style=\"color: #f99b1c;\">Kartenansicht der Tour <\/span><\/a><\/strong><\/em><span style=\"color: #f99b1c;\">\ud83d\udd17<\/span><\/p>\n<p><span style=\"font-size: 75%;\">Auf dieser Website sind externe Links mit diesem Symbol \ud83d\udd17gekennzeichnet. Bitte beachten Sie unsere <span style=\"color: #f99b1c;\"><a style=\"color: #f99b1c;\" href=\"https:\/\/www.cycle-in-motion.de\/?page_id=1242\">Datenschutzerkl\u00e4rung<\/a>.<\/span><\/span><\/p>\n<p style=\"text-align: center;\"><iframe loading=\"lazy\" src=\"https:\/\/www.youtube.com\/embed\/iSfb4RYO1-8\" width=\"560\" height=\"315\" frameborder=\"0\" allowfullscreen=\"allowfullscreen\"><\/iframe><\/p>\n<p style=\"text-align: center;\"><span style=\"font-size: 80%;\">Youtube spielt unsere Filme in einer stark heruntergesetzten Videoqualit\u00e4t ab! <\/span><br \/>\n<span style=\"font-size: 80%;\">Einen Eindruck der original Qualit\u00e4t erhalten Sie \u00fcber unsere Demoseite.<\/span><\/p>\n","protected":false},"excerpt":{"rendered":"<div class=\"short-description\">\n<div class=\"std\">\n<p>Der fr\u00e4nkische Rotweinwanderweg z\u00e4hlt zu den Attraktionen am bayerischen Untermain und bietet neben vielen Naturwegen einen \u00dcberblick \u00fcber das Weinanbaugebiet.<\/p>\n<p><span style=\"font-size: 100%; color: #282828; background-color: #ff9900;\">FILMTITEL: Rotweinwanderweg<\/span><\/p>\n<p><span style=\"font-size: 100%;\"><strong>\u00a0<\/strong><\/span><\/p>\n<\/div>\n<\/div>\n","protected":false},"featured_media":497,"template":"","meta":[],"_links":{"self":[{"href":"https:\/\/www.cycle-in-motion.de\/index.php?rest_route=\/wp\/v2\/product\/486"}],"collection":[{"href":"https:\/\/www.cycle-in-motion.de\/index.php?rest_route=\/wp\/v2\/product"}],"about":[{"href":"https:\/\/www.cycle-in-motion.de\/index.php?rest_route=\/wp\/v2\/types\/product"}],"wp:featuredmedia":[{"embeddable":true,"href":"https:\/\/www.cycle-in-motion.de\/index.php?rest_route=\/wp\/v2\/media\/497"}],"wp:attachment":[{"href":"https:\/\/www.cycle-in-motion.de\/index.php?rest_route=%2Fwp%2Fv2%2Fmedia&parent=486"}],"curies":[{"name":"wp","href":"https:\/\/api.w.org\/{rel}","templated":true}]}}