{"id":527,"date":"2019-09-17T21:30:34","date_gmt":"2019-09-17T19:30:34","guid":{"rendered":"http:\/\/h2846401.stratoserver.net\/wordpress\/?post_type=product&#038;p=527"},"modified":"2025-11-02T18:06:16","modified_gmt":"2025-11-02T17:06:16","slug":"grerardmer-70-km-1-484-hm","status":"publish","type":"product","link":"https:\/\/www.cycle-in-motion.de\/?product=grerardmer-70-km-1-484-hm","title":{"rendered":"Gerardmer &#8211; 70 km &#8211; 1.484 hm"},"content":{"rendered":"<div dir=\"ltr\">\n<p>Die Vogesen liegen f\u00fcr deutsche Radfahrer quasi vor der Haust\u00fcre. Was auff\u00e4llt, im Vergleich zu anderen europ\u00e4ischen Strassen, ist der deutlich rauhere Asphalt; ein Grund warum dort viele mit etwas breiteren Reifen fahren. Hat man sich daran einmal gew\u00f6hnt, erschlie\u00dfen die Vogesen ein geniales Tourenrevier mit vielen sch\u00f6nen Aussichtspl\u00e4tzen.<\/p>\n<p><span id=\"result_box\" lang=\"de\">Wir fuhren an einem sonnigen Tag eine Tour von Colmar bis kurz hinter G\u00e9rardmer ab. Nach einem etwas flacheren Beginn w\u00e4hlten wir die Col de la Schlucht als Aufstiegsvariante. Bei der technischen Umsetzung des Filmes reizen wir die M\u00f6glichkeiten von FullHD voll aus. Herausgekommen ist ein bildgewaltiger Trainingsfilm der die landschaftlichen Reize der Vogesen zeigt. Die Screenshots sind direkt aus dem Film.<br \/>\n<\/span><\/p>\n<p><span id=\"result_box\" lang=\"de\">Die Strecke kann kann man strong durchfahren oder aber auch als GA2 Training sch\u00f6n nutzen. Die Steigungsprozente sind moderat. Wir haben bewu\u00dft keine Rampen in der Tour, die es reichlich in den Vogesen gibt, eingebaut. Easy going also und wer mag, kann sein Kraftaufbau \u00fcber ein Intervalltraining am Berg so richtig forcieren.<br \/>\n<\/span><\/p>\n<p>Hier der externe Link zur <em><strong><a href=\"https:\/\/umap.openstreetmap.de\/de\/map\/tourenkarte_75901?feature=Vogesen%202016#12\/48.0453\/7.0742\" target=\"_blank\" rel=\"noopener\"><span style=\"color: #f99b1c;\">Kartenansicht der Tour <\/span><\/a><\/strong><\/em>\ud83d\udd17<\/p>\n<p><span style=\"font-size: 75%;\">Auf dieser Website sind externe Links mit diesem Symbol \ud83d\udd17gekennzeichnet. Bitte beachten Sie unsere<span style=\"color: #f99b1c;\"> <a style=\"color: #f99b1c;\" href=\"https:\/\/www.cycle-in-motion.de\/?page_id=1242\">Datenschutzerkl\u00e4rung<\/a>.<\/span><\/span><\/p>\n<\/div>\n","protected":false},"excerpt":{"rendered":"<div class=\"short-description\">\n<div class=\"std\">\n<p>Wir waren in den Vogesen unterwegs und drehten eine sch\u00f6ne Tour hinter Colmar bis kurz hinter G\u00e9rardmer ab.<span style=\"font-size: 100%;\">\u00a0<\/span><\/p>\n<p><span style=\"font-size: 100%; color: #282828; background-color: #ff9900;\">FILMTITEL: Gerardmer<\/span><\/p>\n<\/div>\n<\/div>\n","protected":false},"featured_media":539,"template":"","meta":[],"_links":{"self":[{"href":"https:\/\/www.cycle-in-motion.de\/index.php?rest_route=\/wp\/v2\/product\/527"}],"collection":[{"href":"https:\/\/www.cycle-in-motion.de\/index.php?rest_route=\/wp\/v2\/product"}],"about":[{"href":"https:\/\/www.cycle-in-motion.de\/index.php?rest_route=\/wp\/v2\/types\/product"}],"wp:featuredmedia":[{"embeddable":true,"href":"https:\/\/www.cycle-in-motion.de\/index.php?rest_route=\/wp\/v2\/media\/539"}],"wp:attachment":[{"href":"https:\/\/www.cycle-in-motion.de\/index.php?rest_route=%2Fwp%2Fv2%2Fmedia&parent=527"}],"curies":[{"name":"wp","href":"https:\/\/api.w.org\/{rel}","templated":true}]}}