{"id":541,"date":"2019-09-17T21:41:03","date_gmt":"2019-09-17T19:41:03","guid":{"rendered":"http:\/\/h2846401.stratoserver.net\/wordpress\/?post_type=product&#038;p=541"},"modified":"2025-11-28T10:01:05","modified_gmt":"2025-11-28T09:01:05","slug":"dolomiten-corvara-76-km-2-019-hm","status":"publish","type":"product","link":"https:\/\/www.cycle-in-motion.de\/?product=dolomiten-corvara-76-km-2-019-hm","title":{"rendered":"Dolomiten Corvara &#8211; 76 km &#8211; 2.019 hm"},"content":{"rendered":"<div dir=\"ltr\">\n<p>Die Tour beginnt im Herzen der Dolomiten, kurz vor dem Skiort Corvara. Die Streckenf\u00fchrung verl\u00e4uft \u00fcber eine der sch\u00f6nsten Panoramastrassen in Europa mit Blick zum Sellastock hinauf zum Gr\u00f6dnerjoch. Fast zu jeder Tageszeit sieht man hier ganze Radfahrergruppen hinauffahren. Die Aussicht am Gr\u00f6dnerjoch kann bei dem tollen Wetter so richtig genossen werden.<\/p>\n<p>Hinab geht es \u00fcber Wolkenstein bis tief in das Eisacktal. \u00dcber Klausen starten wir dann den Anstieg zum W\u00fcrzjoch hinauf, um ja keine H\u00f6henmeter liegen zu lassen. Der Anstieg zum W\u00fcrzjoch ist ein Traum f\u00fcr stressgeplagte Rennradler und auch noch nahezu autofrei. Ab St. Peter wird die Stra\u00dfe extrem schmal und erinnert eher an einen Radweg &#8211; allerdings mit heftigen zweistelligen Prozentanstiegen. Die Ausblicke entlang des S\u00fcdhanges sind spektakul\u00e4r. Es gibt immer wieder Abschnitte, die auch eine kurze Erholung zulassen.<\/p>\n<p>Das besondere am gew\u00e4hlten Aufstieg von Klausen aus ist, dass wir das W\u00fcrzjoch nur erreichen \u00fcber das vorgelagerte Kofeljoch. Hier gilt es noch eine kleine Abfahrt mitzunehmen, bevor der Schlu\u00dfanstieg zum W\u00fcrzjoch angegangen werden kann. Der Tour endet oben an der Almh\u00fctte am W\u00fcrzjoch die den wohlklingenden Namen &#8222;\u00dctia de B\u00f6rz&#8220; tr\u00e4gt, was jetzt doch nicht unbedingt italienisch klingt.<\/p>\n<p>Hier der externe Link zur <em><strong><a href=\"https:\/\/umap.openstreetmap.de\/de\/map\/tourenkarte_75901?feature=Dolomiten%20W%EF%BF%BDrzjoch%20zusammengef%EF%BF%BDgt#12\/46.6037\/11.7125\" target=\"_blank\" rel=\"noopener\"><span style=\"color: #f99b1c;\">Kartenansicht der Tour <\/span><\/a><\/strong><\/em>\ud83d\udd17<\/p>\n<p><span style=\"font-size: 75%;\">Auf dieser Website sind externe Links mit diesem Symbol \ud83d\udd17gekennzeichnet. Bitte beachten Sie unsere <span style=\"color: #f99b1c;\"><a style=\"color: #f99b1c;\" href=\"https:\/\/www.cycle-in-motion.de\/?page_id=1242\">Datenschutzerkl\u00e4rung<\/a>.<\/span><\/span><\/p>\n<\/div>\n<p style=\"text-align: center;\"><iframe loading=\"lazy\" src=\"https:\/\/www.youtube.com\/embed\/hIf8xXsAv2Q\" width=\"700\" height=\"420\" frameborder=\"0\" allowfullscreen=\"allowfullscreen\"><span style=\"display: inline-block; width: 0px; overflow: hidden; line-height: 0;\" data-mce-type=\"bookmark\" class=\"mce_SELRES_start\">\ufeff<\/span><span style=\"display: inline-block; width: 0px; overflow: hidden; line-height: 0;\" data-mce-type=\"bookmark\" class=\"mce_SELRES_start\">\ufeff<\/span><span style=\"display: inline-block; width: 0px; overflow: hidden; line-height: 0;\" data-mce-type=\"bookmark\" class=\"mce_SELRES_start\">\ufeff<\/span><span style=\"display: inline-block; width: 0px; overflow: hidden; line-height: 0;\" data-mce-type=\"bookmark\" class=\"mce_SELRES_start\">\ufeff<\/span><span style=\"display: inline-block; width: 0px; overflow: hidden; line-height: 0;\" data-mce-type=\"bookmark\" class=\"mce_SELRES_start\">\ufeff<\/span><\/iframe><\/p>\n<p style=\"text-align: center;\"><span style=\"font-size: 80%;\">Youtube spielt unsere Filme in einer stark heruntergesetzten Videoqualit\u00e4t ab! <\/span><br \/>\n<span style=\"font-size: 80%;\">Einen Eindruck der original Qualit\u00e4t erhalten Sie \u00fcber unsere Demoseite.<\/span><\/p>\n","protected":false},"excerpt":{"rendered":"<div class=\"short-description\">\n<div class=\"std\">\n<p>Dolomitentour von Corvara ausgehend \u00fcber das W\u00fcrzjoch, hinab nach Wolkenstein bis in das Eisacktal.<\/p>\n<p><span style=\"font-size: 100%; color: #282828; background-color: #ff9900;\">FILMTITEL: Corvara<\/span><\/p>\n<p><span style=\"font-size: 100%;\"><strong>\u00a0<\/strong><\/span><\/p>\n<\/div>\n<\/div>\n","protected":false},"featured_media":554,"template":"","meta":[],"_links":{"self":[{"href":"https:\/\/www.cycle-in-motion.de\/index.php?rest_route=\/wp\/v2\/product\/541"}],"collection":[{"href":"https:\/\/www.cycle-in-motion.de\/index.php?rest_route=\/wp\/v2\/product"}],"about":[{"href":"https:\/\/www.cycle-in-motion.de\/index.php?rest_route=\/wp\/v2\/types\/product"}],"wp:featuredmedia":[{"embeddable":true,"href":"https:\/\/www.cycle-in-motion.de\/index.php?rest_route=\/wp\/v2\/media\/554"}],"wp:attachment":[{"href":"https:\/\/www.cycle-in-motion.de\/index.php?rest_route=%2Fwp%2Fv2%2Fmedia&parent=541"}],"curies":[{"name":"wp","href":"https:\/\/api.w.org\/{rel}","templated":true}]}}