{"id":568,"date":"2019-09-17T21:52:41","date_gmt":"2019-09-17T19:52:41","guid":{"rendered":"http:\/\/h2846401.stratoserver.net\/wordpress\/?post_type=product&#038;p=568"},"modified":"2025-11-02T17:59:40","modified_gmt":"2025-11-02T16:59:40","slug":"teneriffa-77-km-935-hm","status":"publish","type":"product","link":"https:\/\/www.cycle-in-motion.de\/?product=teneriffa-77-km-935-hm","title":{"rendered":"Teneriffa &#8211; 77 km &#8211; 935 hm (nur Tacx &#038; ErgoPlanet)"},"content":{"rendered":"<div dir=\"ltr\">\n<p>Das Real Life Video verl\u00e4uft \u00fcber die wohl interessanteste und eigent\u00fcmlichste Landschaft in Europa. Sie beginnt im Nordosten der Insel und f\u00fchrt \u00fcber die atemberaubende Hochebene (Caldera) des Vulkans Teide (3.718 m) bis in den S\u00fcdwesten an die Steilklippen von Los Gigantes hinunter. Diese H\u00f6henstra\u00dfe ist durchweg mit dem Rennrad befahrbar.<\/p>\n<p>Die Landschaft zeichnet sich durch ihre einzigartige Authentizit\u00e4t aus. Die UNESCO hat 2007 den Nationalpark in die Liste des Weltnaturerbes eingetragen.<\/p>\n<p>Das H\u00f6henprofil t\u00e4uscht etwas, denn es geht auf den ersten Anstiegen bereits \u00fcber 900 H\u00f6henmeter hinauf. Die Strecke eignet sich f\u00fcr das erste Einrollen genauso wie f\u00fcr ein intensives Intervalltraining. Der lange Abstieg bis auf Meeresh\u00f6he verl\u00e4uft sehr flach und kann auch von Rollentrainern genutzt werden.<\/p>\n<\/div>\n","protected":false},"excerpt":{"rendered":"<div class=\"short-description\">\n<div class=\"std\">\n<p>Die Strecke f\u00fchrt \u00fcber den Nordosten der Insel \u00fcber die atemberaubende Hochebene (Caldera) des Vulkans Teide (3.718 m) bis in den S\u00fcdwesten.<\/p>\n<p><span style=\"font-size: 100%; color: #282828; background-color: #ff9900;\">FILMTITEL: Teneriffa<\/span><\/p>\n<p><span style=\"font-size: 100%;\"><strong>\u00a0<\/strong><\/span><\/p>\n<\/div>\n<\/div>\n","protected":false},"featured_media":577,"template":"","meta":[],"_links":{"self":[{"href":"https:\/\/www.cycle-in-motion.de\/index.php?rest_route=\/wp\/v2\/product\/568"}],"collection":[{"href":"https:\/\/www.cycle-in-motion.de\/index.php?rest_route=\/wp\/v2\/product"}],"about":[{"href":"https:\/\/www.cycle-in-motion.de\/index.php?rest_route=\/wp\/v2\/types\/product"}],"wp:featuredmedia":[{"embeddable":true,"href":"https:\/\/www.cycle-in-motion.de\/index.php?rest_route=\/wp\/v2\/media\/577"}],"wp:attachment":[{"href":"https:\/\/www.cycle-in-motion.de\/index.php?rest_route=%2Fwp%2Fv2%2Fmedia&parent=568"}],"curies":[{"name":"wp","href":"https:\/\/api.w.org\/{rel}","templated":true}]}}