{"id":580,"date":"2019-09-17T22:05:13","date_gmt":"2019-09-17T20:05:13","guid":{"rendered":"http:\/\/h2846401.stratoserver.net\/wordpress\/?post_type=product&#038;p=580"},"modified":"2025-11-02T17:57:29","modified_gmt":"2025-11-02T16:57:29","slug":"allgaeu-81-km-826-hm","status":"publish","type":"product","link":"https:\/\/www.cycle-in-motion.de\/?product=allgaeu-81-km-826-hm","title":{"rendered":"Allg\u00e4u &#8211; 81 km &#8211; 826 hm"},"content":{"rendered":"<div dir=\"ltr\">\n<p>Ein Kunde aus F\u00fcssen hat uns eine seiner Lieblingshausrunden eingesandt, die uns neugierig gemacht hat. Wir befahren den \u00f6stlichenTeil des Allg\u00e4us von F\u00fcssen bis hinauf nach Bernbeuren, um dann in s\u00fcdliche Richtung den Weg \u00fcber Neuschwanstein fortzusetzen. Nat\u00fcrlich nicht ohne einen Blick auf das kurzzeitige Domizil von K\u00f6nig Ludwig II von Bayern zu werfen. Wie \u00fcblich tummeln sich zu allen Tageszeiten hier unz\u00e4hlige Touristen, mittlerweile \u00fcberwiegend aus Asien. Tolle Einblicke auf das Voralpenland s\u00fcdlich von F\u00fcssen sind garantiert, da der Tourverlauf rd. 30 km s\u00fcdw\u00e4rts ausgerichtet ist.<\/p>\n<p>Befahren werden vorwiegend schmale bis sehr schmale Stra\u00dfen oder Wirtschaftswege, die sich durch die Landschaft schl\u00e4ngeln. Der ein oder andere Radwegabschnitt ist auch dabei.\u00a0Da etliche kleine Anstiege mit zum Teil zweistelligen Rampen dabei sind,\u00a0ist die Tour im realen Leben durchaus anspruchsvoll, auch wenn die\u00a0H\u00f6henmeter doch eher moderat ausfallen.<\/p>\n<p>Hier der externe Link zur <em><strong><a href=\"https:\/\/umap.openstreetmap.de\/de\/map\/tourenkarte_75901?feature=F%EF%BF%BDssen%201_processed#12\/47.6507\/10.7353\" target=\"_blank\" rel=\"noopener\"><span style=\"color: #f99b1c;\">Kartenansicht<\/span> <span style=\"color: #f99b1c;\">der Tour <\/span><\/a><\/strong><\/em>\ud83d\udd17<\/p>\n<p><span style=\"font-size: 75%;\">Auf dieser Website sind externe Links mit diesem Symbol \ud83d\udd17gekennzeichnet. Bitte beachten Sie unsere <span style=\"color: #f99b1c;\"><a style=\"color: #f99b1c;\" href=\"https:\/\/www.cycle-in-motion.de\/?page_id=1242\">Datenschutzerkl\u00e4rung<\/a><\/span>.<\/span><\/p>\n<\/div>\n<p style=\"text-align: center;\"><iframe loading=\"lazy\" src=\"https:\/\/www.youtube.com\/embed\/iSfb4RYO1-8\" width=\"560\" height=\"315\" frameborder=\"0\" allowfullscreen=\"allowfullscreen\"><\/iframe><\/p>\n<p style=\"text-align: center;\"><span style=\"font-size: 80%;\">Youtube spielt unsere Filme in einer stark heruntergesetzten Videoqualit\u00e4t ab! <\/span><br \/>\n<span style=\"font-size: 80%;\">Einen Eindruck der original Qualit\u00e4t erhalten Sie \u00fcber unsere Demoseite.<\/span><\/p>\n","protected":false},"excerpt":{"rendered":"<div class=\"short-description\">\n<div class=\"std\">\n<p>Ein Kunde aus F\u00fcssen hat uns einer seiner Lieblingshausrunden eingesandt, die uns neugierig gemacht hat.<\/p>\n<p><span style=\"font-size: 100%; color: #282828; background-color: #ff9900;\">FILMTITEL: Allgaeu<\/span><\/p>\n<p><span style=\"font-size: 100%;\"><strong>\u00a0<\/strong><\/span><\/p>\n<\/div>\n<\/div>\n","protected":false},"featured_media":590,"template":"","meta":[],"_links":{"self":[{"href":"https:\/\/www.cycle-in-motion.de\/index.php?rest_route=\/wp\/v2\/product\/580"}],"collection":[{"href":"https:\/\/www.cycle-in-motion.de\/index.php?rest_route=\/wp\/v2\/product"}],"about":[{"href":"https:\/\/www.cycle-in-motion.de\/index.php?rest_route=\/wp\/v2\/types\/product"}],"wp:featuredmedia":[{"embeddable":true,"href":"https:\/\/www.cycle-in-motion.de\/index.php?rest_route=\/wp\/v2\/media\/590"}],"wp:attachment":[{"href":"https:\/\/www.cycle-in-motion.de\/index.php?rest_route=%2Fwp%2Fv2%2Fmedia&parent=580"}],"curies":[{"name":"wp","href":"https:\/\/api.w.org\/{rel}","templated":true}]}}