{"id":596,"date":"2019-09-17T22:11:53","date_gmt":"2019-09-17T20:11:53","guid":{"rendered":"http:\/\/h2846401.stratoserver.net\/wordpress\/?post_type=product&#038;p=596"},"modified":"2025-11-02T17:53:53","modified_gmt":"2025-11-02T16:53:53","slug":"mainradtour-82-km-330-hm","status":"publish","type":"product","link":"https:\/\/www.cycle-in-motion.de\/?product=mainradtour-82-km-330-hm","title":{"rendered":"Mainradweg &#8211; 82 km &#8211; 330 hm"},"content":{"rendered":"<p>Wir befahren einen der sch\u00f6nsten Abschnitte des Mainradweges von Hofstetten (s\u00fcdlich von Gem\u00fcnden) bis Miltenberg.<\/p>\n<p>Der vom ADFC mit f\u00fcnf Sternen ausgezeichnete Mainradweg z\u00e4hlt zu den sch\u00f6nsten Radfernwegen in Deutschland. Wir belichten den sch\u00f6nsten Streckenabschnittes von Hofstetten bis Miltenberg mit rund 82 km. Da nicht alle Abschnitte des Mainradweges f\u00fcr das Rennrad geeignet sind, befahren wir die von Radsportvereinen genutzte Streckenf\u00fchrung. Das bekannte Mainviereck befahren wir zu 2\/3. Die Nordrichtung bis hinauf nach Aschaffenburg holen wir eventuell n\u00e4chstes Jahr nach. Die aufgezeichnete Strecke f\u00fchrt vorbei an den landschaftlich sch\u00f6nsten Main-Spessartabschnitten mit den entsprechenden Blicken auf die angrenzenden Spessarth\u00e4nge.<\/p>\n<p>Die Strecke l\u00e4dt zum Grundlagentraining ein. Die H\u00f6henmeter sind in der Realit\u00e4t nicht wirklich sp\u00fcrbar, da die vorhandenen leichten Anstiege in der Regel nur wenige H\u00f6henmeter ausmachen und im Landschaftsprofil nahezu untergehen.<\/p>\n<p>Hier der externe Link zur <em><strong><a href=\"https:\/\/umap.openstreetmap.de\/de\/map\/tourenkarte_75901?feature=Mainradweg%20Work%201#11\/49.8804\/9.4560\" target=\"_blank\" rel=\"noopener\"><span style=\"color: #f99b1c;\">Kartenansicht der Tour <\/span><\/a><\/strong><\/em>\ud83d\udd17<\/p>\n<p><span style=\"font-size: 75%;\">Auf dieser Website sind externe Links mit diesem Symbol \ud83d\udd17gekennzeichnet. Bitte beachten Sie unsere <span style=\"color: #f99b1c;\"><a style=\"color: #f99b1c;\" href=\"https:\/\/www.cycle-in-motion.de\/?page_id=1242\">Datenschutzerkl\u00e4rung<\/a>.<\/span><\/span><\/p>\n","protected":false},"excerpt":{"rendered":"<div class=\"short-description\">\n<div class=\"std\">\n<p>Der vom ADFC mit f\u00fcnf Sternen ausgezeichnete Mainradweg z\u00e4hlt zu den sch\u00f6nsten Radfernwegen in Deutschland.<\/p>\n<p><span style=\"font-size: 100%; color: #282828; background-color: #ff9900;\">FILMTITEL: Mainradweg<\/span><\/p>\n<p><span style=\"font-size: 100%;\"><strong>\u00a0<\/strong><\/span><\/p>\n<\/div>\n<\/div>\n","protected":false},"featured_media":603,"template":"","meta":[],"_links":{"self":[{"href":"https:\/\/www.cycle-in-motion.de\/index.php?rest_route=\/wp\/v2\/product\/596"}],"collection":[{"href":"https:\/\/www.cycle-in-motion.de\/index.php?rest_route=\/wp\/v2\/product"}],"about":[{"href":"https:\/\/www.cycle-in-motion.de\/index.php?rest_route=\/wp\/v2\/types\/product"}],"wp:featuredmedia":[{"embeddable":true,"href":"https:\/\/www.cycle-in-motion.de\/index.php?rest_route=\/wp\/v2\/media\/603"}],"wp:attachment":[{"href":"https:\/\/www.cycle-in-motion.de\/index.php?rest_route=%2Fwp%2Fv2%2Fmedia&parent=596"}],"curies":[{"name":"wp","href":"https:\/\/api.w.org\/{rel}","templated":true}]}}