{"id":607,"date":"2019-09-17T22:19:18","date_gmt":"2019-09-17T20:19:18","guid":{"rendered":"http:\/\/h2846401.stratoserver.net\/wordpress\/?post_type=product&#038;p=607"},"modified":"2025-11-02T17:49:14","modified_gmt":"2025-11-02T16:49:14","slug":"kaiserstuhl-83-km-524-hm","status":"publish","type":"product","link":"https:\/\/www.cycle-in-motion.de\/?product=kaiserstuhl-83-km-524-hm","title":{"rendered":"Kaiserstuhl &#8211; 83 km &#8211; 524 hm"},"content":{"rendered":"<div dir=\"ltr\">\n<p>Eine Gro\u00dfteils flache Tour \u00fcber eine l\u00e4ngere Distanz. Dabei befahren wir auch noch &#8222;heiligen&#8220; Boden, der in fr\u00fcheren Jahren von Jan Ullrich als Trainingsstrecke genutzt wurde. Wir fahren weitl\u00e4ufig um Merdingen herum bzw. durchfahren wir auch Merdingen, die damalige Wahlheimat von Jan Ullrich. Ein Abstecher bringt uns zum Rhein. Der einzige Anstieg f\u00fchrt uns am Kaiserstuhl vorbei &#8211; es sind aber nur wenige H\u00f6henmeter. Wir befahren auch etliche Kilometer auf reinen Radwegen.<\/p>\n<p><span id=\"result_box\" lang=\"de\">Wie schon bei Gerardmer haben wir die technisch maximale Bildqualit\u00e4t f\u00fcr FullHD ausgenutzt und stellen diese auch unseren Kunden zur Verf\u00fcgung.<\/span><\/p>\n<p><span id=\"result_box\" lang=\"de\">Die Strecke ist im wesentlichen eine reine Rollerstrecke, insofern bestens f\u00fcr Einsteiger des Rollen- oder Ergometertrainings geeignet. Die einzige Steigung wird erst am Schlu\u00df etwas anspruchsvoller und ist in wenigen Minuten befahren.<\/span><\/p>\n<p>Hier der externe Link zur <em><strong><a href=\"https:\/\/umap.openstreetmap.de\/de\/map\/tourenkarte_75901?feature=Kaiserstuhl%20Work%201#11\/47.9959\/7.6633\" target=\"_blank\" rel=\"noopener\"><span style=\"color: #f99b1c;\">Kartenansicht der Tour<\/span> <\/a><\/strong><\/em>\ud83d\udd17<\/p>\n<p><span style=\"font-size: 75%;\">Auf dieser Website sind externe Links mit diesem Symbol \ud83d\udd17gekennzeichnet. Bitte beachten Sie unsere <span style=\"color: #f99b1c;\"><a style=\"color: #f99b1c;\" href=\"https:\/\/www.cycle-in-motion.de\/?page_id=1242\">Datenschutzerkl\u00e4rung<\/a>.<\/span><\/span><\/p>\n<\/div>\n","protected":false},"excerpt":{"rendered":"<div class=\"short-description\">\n<div class=\"std\">\n<p>Eine Gro\u00dfteils flache Tour \u00fcber eine l\u00e4ngere Distanz. Dabei befahren wir auch noch &#8222;heiligen&#8220; Boden, der in fr\u00fcheren Jahren von Jan Ullrich als Trainingsstrecke genutzt wurde.<\/p>\n<p><span style=\"font-size: 100%; color: #282828; background-color: #ff9900;\">FILMTITEL: Kaiserstuhl<\/span><\/p>\n<p><span style=\"font-size: 100%;\"><strong>\u00a0<\/strong><\/span><\/p>\n<\/div>\n<\/div>\n","protected":false},"featured_media":615,"template":"","meta":[],"_links":{"self":[{"href":"https:\/\/www.cycle-in-motion.de\/index.php?rest_route=\/wp\/v2\/product\/607"}],"collection":[{"href":"https:\/\/www.cycle-in-motion.de\/index.php?rest_route=\/wp\/v2\/product"}],"about":[{"href":"https:\/\/www.cycle-in-motion.de\/index.php?rest_route=\/wp\/v2\/types\/product"}],"wp:featuredmedia":[{"embeddable":true,"href":"https:\/\/www.cycle-in-motion.de\/index.php?rest_route=\/wp\/v2\/media\/615"}],"wp:attachment":[{"href":"https:\/\/www.cycle-in-motion.de\/index.php?rest_route=%2Fwp%2Fv2%2Fmedia&parent=607"}],"curies":[{"name":"wp","href":"https:\/\/api.w.org\/{rel}","templated":true}]}}