{"id":685,"date":"2019-09-18T10:51:11","date_gmt":"2019-09-18T08:51:11","guid":{"rendered":"http:\/\/h2846401.stratoserver.net\/wordpress\/?post_type=product&#038;p=685"},"modified":"2025-11-02T17:40:01","modified_gmt":"2025-11-02T16:40:01","slug":"col-dagnel-30-km-1-651-hm","status":"publish","type":"product","link":"https:\/\/www.cycle-in-motion.de\/?product=col-dagnel-30-km-1-651-hm","title":{"rendered":"Col d\u00b4Agnel &#8211; 30 km &#8211; 1.651 hm (nur Tacx &#038; ErgoPlanet)"},"content":{"rendered":"<div dir=\"ltr\">\n<p>Der Col d\u00b4Agnel geh\u00f6rt neben dem Stilfserjoch nicht nur wegen seiner H\u00f6he zu den absoluten Ausnahmep\u00e4ssen (3. h\u00f6chster Pass in den Alpen mit 2.744 m), auch die Landschaft ist hier anders als in den Zentralalpen. Die Tour de France war 2008\/2011 am Berg.<\/p>\n<p>Gestartet wird kurz hinter Sampeyre. Zun\u00e4chst geht es noch relativ flach aufw\u00e4rts, was sich aber sp\u00e4testens ab Casteldelfino zunehmend \u00e4ndern wird. \u00dcber eine etwas l\u00e4ngere Rampe direkt nach Casteldelfino erreicht man einen Stausee, der den Beinen nochmals eine kleine Pause g\u00f6nnt. Richtig zur Sache geht es kurz nach Chianale. Hier geht es mit wenigen Unterbrechungen knapp 9 km stramm aufw\u00e4rts. Die Durchschnittssteigung liegt dann zwischen 9-11 %. Ein kurzes flacheres Zwischenst\u00fcck, ca. 4 km vor dem Gipfel, sorgt nur kurzfristig f\u00fcr Erholung.<\/p>\n<\/div>\n<p style=\"text-align: center;\"><iframe loading=\"lazy\" src=\"https:\/\/www.youtube.com\/embed\/FhqDO85Cark\" width=\"700\" height=\"360\" frameborder=\"0\" allowfullscreen=\"allowfullscreen\"><\/iframe><\/p>\n<p style=\"text-align: center;\">Youtube gibt unsere Filme in geringer Qualit\u00e4t wieder.<br \/>\nWenn Sie sich von unserer Bildqualit\u00e4t \u00fcberzeugen wollen, nutzen Sie unsere Demo-Seite.<\/p>\n","protected":false},"excerpt":{"rendered":"<div class=\"short-description\">\n<div class=\"std\">\n<p>Der Col d\u00b4Agnel geh\u00f6rt neben dem Stilfserjoch nicht nur wegen seiner H\u00f6he zu den absoluten Ausnahmep\u00e4ssen.<\/p>\n<p><span style=\"font-size: 100%; color: #282828; background-color: #ff9900;\">FILMTITEL: Agnel<\/span><\/p>\n<p><span style=\"font-size: 100%;\"><strong>\u00a0<\/strong><\/span><\/p>\n<\/div>\n<\/div>\n","protected":false},"featured_media":641,"template":"","meta":[],"_links":{"self":[{"href":"https:\/\/www.cycle-in-motion.de\/index.php?rest_route=\/wp\/v2\/product\/685"}],"collection":[{"href":"https:\/\/www.cycle-in-motion.de\/index.php?rest_route=\/wp\/v2\/product"}],"about":[{"href":"https:\/\/www.cycle-in-motion.de\/index.php?rest_route=\/wp\/v2\/types\/product"}],"wp:featuredmedia":[{"embeddable":true,"href":"https:\/\/www.cycle-in-motion.de\/index.php?rest_route=\/wp\/v2\/media\/641"}],"wp:attachment":[{"href":"https:\/\/www.cycle-in-motion.de\/index.php?rest_route=%2Fwp%2Fv2%2Fmedia&parent=685"}],"curies":[{"name":"wp","href":"https:\/\/api.w.org\/{rel}","templated":true}]}}