{"id":69411,"date":"2024-02-16T17:02:25","date_gmt":"2024-02-16T16:02:25","guid":{"rendered":"https:\/\/www.cycle-in-motion.de\/?post_type=product&#038;p=69411"},"modified":"2025-11-02T18:49:54","modified_gmt":"2025-11-02T17:49:54","slug":"rhoen-2k-4k-109-km-2-116-hm","status":"publish","type":"product","link":"https:\/\/www.cycle-in-motion.de\/?product=rhoen-2k-4k-109-km-2-116-hm","title":{"rendered":"Rh\u00f6n 2k\/4K &#8211; 109 km &#8211; 2.116 hm"},"content":{"rendered":"<p>Die Fahrt beginnt im malerischen Gersfeld, das Tor zur Rh\u00f6n, das f\u00fcr seine naturnahe Lage und als Ausgangspunkt f\u00fcr zahlreiche Outdoor-Aktivit\u00e4ten bekannt ist. Von dort aus geht es recht wellig westw\u00e4rts auf schmalen leeren Verbindungsstra\u00dfen nach Ebersburg. Immer wieder bietet die Landschaft ihr sattes Gr\u00fcn an. \u00dcber Poppenhausen und Abtsroda kommen wir zur majest\u00e4tischen Wasserkuppe, dem mit 950 Metern h\u00f6chsten Berg der Rh\u00f6n und Hessens, der nicht nur als &#8222;Berg der Flieger&#8220; ber\u00fchmt ist, sondern auch als Wiege des Segelflugs gilt. Die Wasserkuppe bietet neben ihrer beeindruckenden Naturlandschaft auch historische Einblicke in die Anf\u00e4nge des Luftsports und ist heute ein Zentrum f\u00fcr Gleitschirm- und Segelflieger.<\/p>\n<p>Weiter f\u00fchrt die Route durch die Hochrh\u00f6n, eine Region, die f\u00fcr ihre offenen Landschaften, die charakteristischen Basaltkuppen und weitreichenden Moore bekannt ist. Diese nat\u00fcrliche Vielfalt macht die Hochrh\u00f6n zu einem Biosph\u00e4renreservat der UNESCO, einem Schutzgebiet, das die Koexistenz von Mensch und Natur f\u00f6rdert.<\/p>\n<p>Entlang der Strecke ergeben sich immer wieder tolle Ausblicke und die M\u00f6glichkeit, die einzigartige Flora und Fauna der Rh\u00f6n zu entdecken. Unser Weg f\u00fchrt weiter durch idyllische D\u00f6rfer wie Hausen und Fladungen, bevor wir in Nordheim vor der Rh\u00f6n einen Blick in das malerische Tal werfen. Weiter geht es s\u00fcdwestw\u00e4rts Richtung Oberelsbach. Ein besonders hervorstechendes Highlight in der Rh\u00f6n ist kleine Stadt Bischofsheim. Hier befindet sich ca. 5 km in s\u00fcdwestlicher Richtung der Kreuzberg, oft auch als \u201eHeiliger Berg der Franken\u201c bezeichnet. Der Kreuzberg ist nicht nur f\u00fcr seine atemberaubende Aussicht \u00fcber die Rh\u00f6n bekannt, sondern auch f\u00fcr sein Franziskanerkloster und die dazugeh\u00f6rige Klosterbrauerei, die eines der \u00e4ltesten Dunkelbiere Frankens braut. Die Wallfahrtskirche auf dem Kreuzberg zieht j\u00e4hrlich Tausende von Pilgern und Besuchern an, die die spirituelle Atmosph\u00e4re und die umliegende Natur genie\u00dfen m\u00f6chten. Von Bischofsheim geht es jetzt nochmal ordentlich nach oben bis wir einige Zeit sp\u00e4ter den Ausgangspunkt Gersfeld wieder erreichen.<\/p>\n<p><span style=\"font-size: 90%;\">Hier der externe Link zur <span style=\"color: #f99b1c;\"><em><strong><a style=\"color: #f99b1c;\" href=\"https:\/\/umap.openstreetmap.de\/de\/map\/tourenkarte_75901?feature=Mosel%202023_processed#12\/49.8022\/6.9810\" target=\"_blank\" rel=\"noopener\">Ka<\/a><a style=\"color: #f99b1c;\" href=\"https:\/\/umap.openstreetmap.de\/de\/map\/tourenkarte_75901?feature=Mosel%202023_processed#12\/49.8022\/6.9810\" target=\"_blank\" rel=\"noopener\">rtenansicht<\/a><a style=\"color: #f99b1c;\" href=\"https:\/\/umap.openstreetmap.de\/de\/map\/tourenkarte_75901?feature=Rh%EF%BF%BDn%202023%20finish#12\/50.4749\/10.0115\" target=\"_blank\" rel=\"noopener\"> der Tour <\/a><\/strong><\/em><\/span>\ud83d\udd17<\/span><\/p>\n<p><span style=\"font-size: 75%;\">Auf dieser Website sind externe Links mit diesem Symbol \ud83d\udd17gekennzeichnet. Bitte beachten Sie unsere <span style=\"color: #f99b1c;\"><a style=\"color: #f99b1c;\" href=\"https:\/\/www.cycle-in-motion.de\/?page_id=1242\">Datenschutzerkl\u00e4rung<\/a>.<\/span><\/span><\/p>\n","protected":false},"excerpt":{"rendered":"<div class=\"short-description\">\n<div class=\"std\">\n<p>Die Fahrt beginnt im malerischen Gersfeld, das Tor zur Rh\u00f6n, das f\u00fcr seine naturnahe Lage und als Ausgangspunkt f\u00fcr zahlreiche Outdoor-Aktivit\u00e4ten bekannt ist.<\/p>\n<p><span style=\"background-color: #ff9900; color: #282828;\">FILMTITEL: Rhoen<\/span><\/p>\n<p>&nbsp;<\/p>\n<\/div>\n<\/div>\n","protected":false},"featured_media":69425,"template":"","meta":[],"_links":{"self":[{"href":"https:\/\/www.cycle-in-motion.de\/index.php?rest_route=\/wp\/v2\/product\/69411"}],"collection":[{"href":"https:\/\/www.cycle-in-motion.de\/index.php?rest_route=\/wp\/v2\/product"}],"about":[{"href":"https:\/\/www.cycle-in-motion.de\/index.php?rest_route=\/wp\/v2\/types\/product"}],"wp:featuredmedia":[{"embeddable":true,"href":"https:\/\/www.cycle-in-motion.de\/index.php?rest_route=\/wp\/v2\/media\/69425"}],"wp:attachment":[{"href":"https:\/\/www.cycle-in-motion.de\/index.php?rest_route=%2Fwp%2Fv2%2Fmedia&parent=69411"}],"curies":[{"name":"wp","href":"https:\/\/api.w.org\/{rel}","templated":true}]}}