{"id":69432,"date":"2024-02-16T17:51:15","date_gmt":"2024-02-16T16:51:15","guid":{"rendered":"https:\/\/www.cycle-in-motion.de\/?post_type=product&#038;p=69432"},"modified":"2025-11-02T18:50:42","modified_gmt":"2025-11-02T17:50:42","slug":"vogesen-2k-4k-95-km-1-456-hm","status":"publish","type":"product","link":"https:\/\/www.cycle-in-motion.de\/?product=vogesen-2k-4k-95-km-1-456-hm","title":{"rendered":"Vogesen 2k\/4K &#8211; 95 km &#8211; 1.456 hm"},"content":{"rendered":"<p>Start ist in Thann, einem malerischen St\u00e4dtchen, das als s\u00fcdliches Tor zur ber\u00fchmten Weinstra\u00dfe des Elsass dient, markiert bei uns den Beginn einer unvergesslichen Rennradtour durch die Vogesen. Diese Route f\u00fchrt \u00fcber einige der beeindruckendsten P\u00e4sse und Panoramastra\u00dfen der Region und verspricht sowohl sportliche Herausforderungen als auch einzigartige Natur- und Kulturerlebnisse. Wer schon einmal in den Vogesen mit dem Rennrad unterwegs war, weiss, dass etwas dickere &#8222;Schlappen&#8220; einen gewissen Schutz bietet gegen die rauhere Stra\u00dfenoberfl\u00e4che. Diese kleine Anpassung kann einen signifikanten Unterschied in der Fahrerfahrung ausmachen, indem sie Vibrationen reduziert und die Kontrolle \u00fcber das Rad in anspruchsvollem Terrain erh\u00f6ht.<\/p>\n<p><strong>Von Thann zum Grand Ballon<\/strong><\/p>\n<p>Der erste Abschnitt navigiert von Thann zum Grand Ballon, dem h\u00f6chsten Gipfel der Vogesen. Am Anfang mit fast keiner Steigung geht es einige Zeit daf\u00fcr umso anspruchsvoller in die Auffahrt zum Grand Ballon. Belohnt wird man mit spektakul\u00e4ren Aussichten, die den Kraftaufwand lohnen. Auf 1.424 Metern bietet der Grand Ballon einen weitreichenden Blick \u00fcber die Rheinebene und die umliegenden Bergketten, ein Moment der Stille und Erhabenheit.<\/p>\n<p><strong>\u00dcber den Le Markstein zur Route des Cr\u00eates<\/strong><\/p>\n<p>Weiter geht es zum Le Markstein, ein beliebter Punkt f\u00fcr Outdoor-Aktivit\u00e4ten, der eine faszinierende Mischung aus nat\u00fcrlicher Sch\u00f6nheit und sportlicher Herausforderung bietet. Die Route des Cr\u00eates verbindet den Le Markstein mit weiteren Gipfeln und er\u00f6ffnet phantastische Panoramablicke entlang des Weges. Diese legend\u00e4re Stra\u00dfe schl\u00e4ngelt sich entlang der Kammlinie der Vogesen und ist ein<br \/>\n&#8222;Muss&#8220; f\u00fcr jeden Rennradfahrer!<\/p>\n<p><strong>Durch Soulteren nach Munster<\/strong><\/p>\n<p>Nach dem Verlassen der H\u00f6henz\u00fcge f\u00fchrt die Strecke hinab nach Soulteren, ein Tor zu den tiefen T\u00e4lern der Vogesen. Von dort aus geht es weiter nach Munster, bekannt f\u00fcr seinen K\u00e4se und die malerische Kleinstadtatmosph\u00e4re. Diese Etappe bietet eine willkommene Abwechslung mit weniger Steigungen und mehr Gelegenheiten, die landschaftliche Vielfalt der Region zu genie\u00dfen.<\/p>\n<p><strong>Abschluss in Winthenheim<\/strong><\/p>\n<p>Der letzte Abschnitt der Tour f\u00fchrt nach Winthenheim, wo die Reise durch die Vogesen einen ruhigen Ausklang findet. Die Strecke bietet eine Mischung aus kulturellen Sehensw\u00fcrdigkeiten und der M\u00f6glichkeit, die kulinarischen Gen\u00fcsse des Elsass zu entdecken. Die Tour l\u00e4dt ein num realen Nachfahren!<\/p>\n<p><span style=\"font-size: 90%;\">Hier der externe Link zur <em><strong><a href=\"https:\/\/umap.openstreetmap.de\/de\/map\/tourenkarte_75901?feature=Vogesen%202023_processed#11\/47.9735\/7.1319\" target=\"_blank\" rel=\"noopener\"><span style=\"color: #f99b1c;\">Kartenansicht der Tour<\/span> <\/a><\/strong><\/em>\ud83d\udd17<\/span><\/p>\n<p><span style=\"font-size: 75%;\">Auf dieser Website sind externe Links mit diesem Symbol \ud83d\udd17gekennzeichnet. Bitte beachten Sie unsere <span style=\"color: #f99b1c;\"><a style=\"color: #f99b1c;\" href=\"https:\/\/www.cycle-in-motion.de\/?page_id=1242\">Datenschutzerkl\u00e4rung<\/a><\/span>.<\/span><\/p>\n","protected":false},"excerpt":{"rendered":"<div class=\"short-description\">\n<div class=\"std\">\n<p>Start ist in Thann, einem malerischen St\u00e4dtchen, das als s\u00fcdliches Tor zur ber\u00fchmten Weinstra\u00dfe des Elsass dient, markiert bei uns den Beginn einer unvergesslichen Rennradtour durch die Vogesen.<\/p>\n<p><span style=\"background-color: #ff9900; color: #282828;\">FILMTITEL: Vogesen<\/span><\/p>\n<p>&nbsp;<\/p>\n<\/div>\n<\/div>\n","protected":false},"featured_media":69444,"template":"","meta":[],"_links":{"self":[{"href":"https:\/\/www.cycle-in-motion.de\/index.php?rest_route=\/wp\/v2\/product\/69432"}],"collection":[{"href":"https:\/\/www.cycle-in-motion.de\/index.php?rest_route=\/wp\/v2\/product"}],"about":[{"href":"https:\/\/www.cycle-in-motion.de\/index.php?rest_route=\/wp\/v2\/types\/product"}],"wp:featuredmedia":[{"embeddable":true,"href":"https:\/\/www.cycle-in-motion.de\/index.php?rest_route=\/wp\/v2\/media\/69444"}],"wp:attachment":[{"href":"https:\/\/www.cycle-in-motion.de\/index.php?rest_route=%2Fwp%2Fv2%2Fmedia&parent=69432"}],"curies":[{"name":"wp","href":"https:\/\/api.w.org\/{rel}","templated":true}]}}