{"id":69451,"date":"2024-02-16T18:27:04","date_gmt":"2024-02-16T17:27:04","guid":{"rendered":"https:\/\/www.cycle-in-motion.de\/?post_type=product&#038;p=69451"},"modified":"2025-11-02T18:50:17","modified_gmt":"2025-11-02T17:50:17","slug":"mosel-2k-4k-68-km-770-hm","status":"publish","type":"product","link":"https:\/\/www.cycle-in-motion.de\/?product=mosel-2k-4k-68-km-770-hm","title":{"rendered":"Mosel 2k\/4K &#8211; 68 km &#8211; 770 hm"},"content":{"rendered":"<p>Eine malerische Rennradtour entlang der Mosel, die in Bernkastel-Kues beginnt und endet, bietet eine einzigartige M\u00f6glichkeit, die Sch\u00f6nheit der Moselregion aus einer neuen Perspektive zu entdecken. Diese Route f\u00fchrt durch einige der malerischsten D\u00f6rfer entlang des Flusses, vorbei an historischen Sehensw\u00fcrdigkeiten und durch viele Weinberge.<\/p>\n<p><strong>Start in Bernkastel-Kues<\/strong><\/p>\n<p>Bernkastel-Kues, bekannt f\u00fcr seine mittelalterliche Architektur und den weltber\u00fchmten Moselwein, dient als perfekter Ausgangspunkt f\u00fcr diese Tour. Die Stadt ist ein Juwel der Region und bietet neben ihrer Sch\u00f6nheit auch zahlreiche Caf\u00e9s und Weinstuben als ideale Stopps nach der Tour. Hier k\u00f6nnen wir entlang der Mosel uns langsam einrollen.<\/p>\n<p><strong>\u00dcber Schloss Lieser nach Wittlich<\/strong><\/p>\n<p>Von Bernkastel-Kues aus f\u00fchrt die Route zun\u00e4chst zum beeindruckenden Schloss Lieser, einem prachtvollen Bauwerk direkt an der Mosel. Neben seiner architektonischen Sch\u00f6nheit ist Schloss Lieser auch f\u00fcr seine historische Bedeutung bekannt. \u00dcber die Jahre hinweg diente es verschiedenen Zwecken, unter anderem als G\u00e4stehaus f\u00fcr hochrangige Pers\u00f6nlichkeiten, darunter auch Mitglieder des deutschen Kaiserhauses. Heute ist Schloss Lieser nach umfangreichen Restaurierungsarbeiten in ein luxuri\u00f6ses Hotel verwandelt worden, das G\u00e4sten die M\u00f6glichkeit bietet, in die opulente Vergangenheit einzutauchen und den Charme der Moselregion zu erleben. Weiter geht es in Richtung Wittlich, einer Stadt, die eine sch\u00f6ne Mischung aus Kultur und Geschichte bietet.<\/p>\n<p><strong>Durch Neumagen-Dhron<\/strong><\/p>\n<p>Neumagen-Dhron, das \u00e4lteste Weindorf Deutschlands, ist der n\u00e4chste Punkt auf der Route. Es bietet faszinierende Einblicke in die r\u00f6mische Geschichte der Region. Ein herausragendes historisches Artefakt ist das ber\u00fchmte Weinschiff von Neumagen, eine steinerne Nachbildung eines r\u00f6mischen Weinschiffes, das als Grabmonument diente. Diese und andere Funde zeugen von der langen Tradition des Weinbaus und der Bedeutung des Ortes in der Antike als Handels- und Umschlagplatz.<\/p>\n<p><strong>Merschbach, Merscheid und Veldenz<\/strong><\/p>\n<p>Die Tour f\u00fchrt weiter durch die idyllischen D\u00f6rfer Merschbach und Merscheid, die beide f\u00fcr ihre ruhige und friedliche Atmosph\u00e4re bekannt sind. Ein Abstecher nach Veldenz offenbart ein weiteres malerisches Dorf mit beeindruckenden Panoramablicken \u00fcber die Mosellandschaft.<\/p>\n<p><strong>R\u00fcckkehr nach Bernkastel-Kues<\/strong><\/p>\n<p>Die R\u00fcckkehr nach Bernkastel-Kues schlie\u00dft die Rundtour ab. Diese letzte Etappe bietet noch einmal herrliche Ausblicke auf die Mosel und ihre umliegenden Weinberge, bevor die Tour in der lebendigen Atmosph\u00e4re von Bernkastel-Kues endet.<\/p>\n<p>Hier der externe Link zur <em><span style=\"color: #f99b1c;\"><strong><a style=\"color: #f99b1c;\" href=\"https:\/\/umap.openstreetmap.de\/de\/map\/tourenkarte_75901?feature=Mosel%202023_processed#12\/49.8022\/6.9810\" target=\"_blank\" rel=\"noopener\">Kartenansicht der Tour <\/a><\/strong><\/span><\/em>\ud83d\udd17<\/p>\n<p><span style=\"font-size: 75%;\"><span style=\"color: #c0c0c0;\"><span style=\"color: #ffffff;\">Auf dieser Website sind externe Links mit diesem Symbol \ud83d\udd17gekennzeichnet. Bitte beachten Sie unsere<\/span> <a style=\"color: #c0c0c0;\" href=\"https:\/\/www.cycle-in-motion.de\/?page_id=1242\"><span style=\"color: #f99b1c;\">Datenschutzerkl\u00e4rung<\/span><\/a>.<\/span><\/span><\/p>\n","protected":false},"excerpt":{"rendered":"<div class=\"short-description\">\n<div class=\"std\">\n<p>Eine malerische Rennradtour entlang der Mosel, die in Bernkastel-Kues beginnt und endet, bietet eine einzigartige M\u00f6glichkeit, die Sch\u00f6nheit der Moselregion aus einer neuen Perspektive zu entdecken.<\/p>\n<p><span style=\"background-color: #ff9900; color: #282828;\">FILMTITEL: Mosel<\/span><\/p>\n<p>&nbsp;<\/p>\n<\/div>\n<\/div>\n","protected":false},"featured_media":69464,"template":"","meta":[],"_links":{"self":[{"href":"https:\/\/www.cycle-in-motion.de\/index.php?rest_route=\/wp\/v2\/product\/69451"}],"collection":[{"href":"https:\/\/www.cycle-in-motion.de\/index.php?rest_route=\/wp\/v2\/product"}],"about":[{"href":"https:\/\/www.cycle-in-motion.de\/index.php?rest_route=\/wp\/v2\/types\/product"}],"wp:featuredmedia":[{"embeddable":true,"href":"https:\/\/www.cycle-in-motion.de\/index.php?rest_route=\/wp\/v2\/media\/69464"}],"wp:attachment":[{"href":"https:\/\/www.cycle-in-motion.de\/index.php?rest_route=%2Fwp%2Fv2%2Fmedia&parent=69451"}],"curies":[{"name":"wp","href":"https:\/\/api.w.org\/{rel}","templated":true}]}}