{"id":758,"date":"2019-09-18T11:31:46","date_gmt":"2019-09-18T09:31:46","guid":{"rendered":"http:\/\/h2846401.stratoserver.net\/wordpress\/?post_type=product&#038;p=758"},"modified":"2025-11-04T14:04:49","modified_gmt":"2025-11-04T13:04:49","slug":"3-paesse-tour-deutschland-oesterreich-134-km-2-596-hm","status":"publish","type":"product","link":"https:\/\/www.cycle-in-motion.de\/?product=3-paesse-tour-deutschland-oesterreich-134-km-2-596-hm","title":{"rendered":"3 P\u00e4sse Tour Deutschland\/\u00d6sterreich &#8211; 134 km &#8211; 2.596 hm"},"content":{"rendered":"<div dir=\"ltr\">\n<p><span style=\"font-size: 90%;\">Mit diesem Film begonnen wir unsere Kollektion im Jahr 2015\/2016. Ab 2015 verwenden wir gerne den Begriff &#8222;CINEMA REAL LIFE VIDEO&#8220;. Diese Filme stehen f\u00fcr die neue von uns entwickelte Technik und auch f\u00fcr die Umsetzung f\u00fcr Tacx, ErgoPlanet, Kettler World Tours 2.0 sowie Rouvy.<\/span><\/p>\n<p><span style=\"font-size: 90%;\">Die Tour beginnt in F\u00fcssen im Allg\u00e4u, dem Endpunkt der &#8222;Romantischen Stra\u00dfe&#8220;. Unser Ausgangspunkt befindet sich rd. 3 km entfernt vom Schlo\u00df Neuschwanstein &#8211; dem M\u00e4rchenschlo\u00df von K\u00f6nig Ludwig II. Sozusagen bei Kaiserwetter wird die Tour in Angriff genommen.<\/span><\/p>\n<p><span style=\"font-size: 90%;\">Nach der kurzen Stadtdurchfahrt durch F\u00fcssen geht es die ersten 30 km zum Einrollen westw\u00e4rts. Nur eine l\u00e4ngere Rampe vor Hinteregg gilt es zu erklimmen. Die Aussicht auf den Vorarlberg ist wundersch\u00f6n. Einige schm\u00e4lere Rad- und Wirtschaftswege werden bis Nesselwang befahren.<\/span><\/p>\n<p><span style=\"font-size: 90%;\">\u00dcber die Jochpa\u00dfstra\u00dfe (zweith\u00f6chstgelegene Bundesstra\u00dfe in Deutschland) fahren wir nach Bad Hindelang hinab und weiter nach Sonthofen, wo wir die Richtung f\u00fcr einige weniger Kilometer nach S\u00fcden einschlagen bis wir Fischen im Allg\u00e4u erreichen. Das Landschaftsbild \u00e4ndert sich zusehens &#8211; es wird deutlich bergiger. Danach geht es knackig nur mit minimalen Erholungsm\u00f6glichkeiten hinauf zum Riedbergpa\u00df. In Deutschland ist das der h\u00f6chstbefahrene Gebirgspa\u00df. Insofern hat er sich doch etwas Respekt verdient, nicht nur weil er an einigen Stellen wirklich extrem steil ist.<\/span><\/p>\n<p><span style=\"font-size: 90%;\">Da wir uns jetzt in \u00d6sterreich befinden blicken wir auf die T\u00e4ler und H\u00f6hen des Bregenzerwaldes, der \u00fcbrigens deutlich weniger Wald und um einige mehr riesige Wiesenfl\u00e4chen zeigt. Ab Lingenau schlagen wir einen S\u00fcdkurs ein, den wir erst wieder ostw\u00e4rts ab Mellau verlassen, um langsam aber bemerkbar den Hochtannbergpa\u00df in Angriff zu nehmen. Saftiges Gr\u00fcn sprie\u00dft hier oben in den verschiedensten Schattierungen. Ein toller Anstieg mit vielen Aussichten. Die Tour endet oben am Pa\u00df.<\/span><\/p>\n<p><span style=\"font-size: 90%;\">Streckenorte:<\/span><br \/>\n<span style=\"font-size: 90%;\">F\u00fcssen &#8211; Wei\u00dfensee &#8211; Pfronten-Kreuzegg &#8211; Rehbichel &#8211; Nesselwang &#8211; Wertach &#8211; Unterjoch &#8211; Oberjoch &#8211; Jochpa\u00dfstra\u00dfe &#8211; Bad Hindelang &#8211; Sonthofen &#8211; Altst\u00e4dten &#8211; Fischen im Allg\u00e4u &#8211; Obermaiselstein &#8211; Riedbergpa\u00df &#8211; Balderschwang &#8211; Hittisau &#8211; Lingenau &#8211; Andelsbuch &#8211; Mellau &#8211; Schoppernau &#8211; Schr\u00f6cken &#8211; Hochtannbergpa\u00df<\/span><\/p>\n<p><span style=\"font-size: 90%;\">Hier der externe Link zur <em><strong><a href=\"https:\/\/umap.openstreetmap.de\/de\/map\/tourenkarte_75901?feature=3PT-FINISH#11\/47.4404\/10.2783\" target=\"_blank\" rel=\"noopener\"><span style=\"color: #f99b1c;\">Kartenansicht der Tour<\/span> <\/a><\/strong><\/em>\ud83d\udd17<\/span><\/p>\n<p><span style=\"font-size: 75%;\">Auf dieser Website sind externe Links mit diesem Symbol \ud83d\udd17gekennzeichnet. Bitte beachten Sie unsere <span style=\"color: #f99b1c;\"><a style=\"color: #f99b1c;\" href=\"https:\/\/www.cycle-in-motion.de\/?page_id=1242\">Datenschutzerkl\u00e4rung<\/a><\/span>.<\/span><\/p>\n<\/div>\n<p style=\"text-align: center;\"><iframe loading=\"lazy\" src=\"https:\/\/www.youtube.com\/embed\/iSfb4RYO1-8\" width=\"560\" height=\"315\" frameborder=\"0\" allowfullscreen=\"allowfullscreen\"><\/iframe><\/p>\n<p style=\"text-align: center;\"><span style=\"font-size: 80%;\">Youtube spielt unsere Filme in einer stark heruntergesetzten Videoqualit\u00e4t ab! <\/span><br \/>\n<span style=\"font-size: 80%;\">Einen Eindruck der original Qualit\u00e4t erhalten Sie \u00fcber unsere Demoseite.<\/span><\/p>\n","protected":false},"excerpt":{"rendered":"<div class=\"short-description\">\n<div class=\"std\">\n<p>Landschaftlich sch\u00f6ne Langstrecke, beginnend ab F\u00fcssen \u00fcber die Jochpa\u00dfstra\u00dfe zum steilen Riedbergpa\u00df.<\/p>\n<p><span style=\"font-size: 100%; color: #282828; background-color: #ff9900;\">FILMTITEL: 3PT<\/span><\/p>\n<p><span style=\"font-size: 100%;\"><strong>\u00a0<\/strong><\/span><\/p>\n<\/div>\n<\/div>\n","protected":false},"featured_media":773,"template":"","meta":[],"_links":{"self":[{"href":"https:\/\/www.cycle-in-motion.de\/index.php?rest_route=\/wp\/v2\/product\/758"}],"collection":[{"href":"https:\/\/www.cycle-in-motion.de\/index.php?rest_route=\/wp\/v2\/product"}],"about":[{"href":"https:\/\/www.cycle-in-motion.de\/index.php?rest_route=\/wp\/v2\/types\/product"}],"wp:featuredmedia":[{"embeddable":true,"href":"https:\/\/www.cycle-in-motion.de\/index.php?rest_route=\/wp\/v2\/media\/773"}],"wp:attachment":[{"href":"https:\/\/www.cycle-in-motion.de\/index.php?rest_route=%2Fwp%2Fv2%2Fmedia&parent=758"}],"curies":[{"name":"wp","href":"https:\/\/api.w.org\/{rel}","templated":true}]}}