{"id":798,"date":"2019-09-18T12:05:50","date_gmt":"2019-09-18T10:05:50","guid":{"rendered":"http:\/\/h2846401.stratoserver.net\/wordpress\/?post_type=product&#038;p=798"},"modified":"2025-11-02T16:35:54","modified_gmt":"2025-11-02T15:35:54","slug":"amade-radmarathon-142-km-1-975-hm-kopie","status":"publish","type":"product","link":"https:\/\/www.cycle-in-motion.de\/?product=amade-radmarathon-142-km-1-975-hm-kopie","title":{"rendered":"Amade Radmarathon &#8211; 142 km &#8211; 1.975 hm"},"content":{"rendered":"<div dir=\"ltr\">\n<p>Schon l\u00e4nger als Real Live Video geplant und im Sommer 2018 zum 25. j\u00e4hrigen Jubil\u00e4um des Marathons auch endlich umgesetzt. Der Startzeitpunkt liegt jeweils am letzten Maiwochende auf dem Sonntag. Der Radmarathon z\u00e4hlt nicht nur in \u00d6sterreich zu den bekannten Vorbereitungsevents und erntet schon aus diesem Grunde reichlich Zuspruch. Das Event wird vorbildlich von den vielen Helfern betreut und hat sich nicht zu Unrecht einen hervorragenden Ruf in der Radmarathonszene erarbeitet. Mittlerweile fahren ihn auch sehr viele deutsche Teilnehmer zur Vorbeitung auf l\u00e4ngere und anstregendere Radmarathons. Die moderaten H\u00f6henmeter verteilen sich sehr gut auf die Gesamtstrecke. Richtig lange Anstiege gibt es keine, allerdings werden regelm\u00e4\u00dfig zweistellige Prozentangaben auf dem H\u00f6henmesser angezeigt. Ganz nebenbei ergeben sich tolle Landschaftseinblicke in die sch\u00f6ne Salzburger Bergwelt inklusive einem ausgiebigen Dachsteinblick auf dessen S\u00fcdflanke.<\/p>\n<p>Kurz nach dem Start in Radstadt beginnt der knapp 5 km lange Anstieg hinauf nach Forstau, wobei der Ort noch etwas unterhalb des Kulminationspunktes liegt. Nach einer ca. 8 km langen Abfahrt erreicht man man den kleinen Ort Pichl. Hier beginnt der eigentliche Marathon, denn der nachfolgende Anstieg f\u00fchrt uns hinauf auf den Vorberg. Etwas weiter erreichen wir das Hochplateau bei Ramsau und von hier oben hat man einen herrlichen Blick auf die S\u00fcdflanke des Dachsteinmassivs. Die erste Labestation hat ihr oben auch ihren Stammplatz.<\/p>\n<p>Danach ist etwas Entspannung auf der langezogenen Abfahrt \u00fcber Filzmoos bis Niedernfritz angesagt. Bei Niedernfritz teilt sich die Strecke, da die Langstrecke jetzt in n\u00f6rdlicher Richtung in den Aufstieg nach St. Martin am Tennengebirge abzweigt. \u00dcber das Lammertal erreichen wir die Ortschaften Annaberg und Abenau, bevor in Scheffau die zweite Labestation erreicht wird.\u00a0 Der weitere Verlauf geht \u00fcber Golling und den kleinen Pass Lueg bevor wir in das Salzachtal abbiegen. Sp\u00e4ter erreichen wir eines der Wahrzeichen des Landes Salzburg mit der Burg Hohenwerfen. Nach weiteren rd. 7 km erreichen wir Bischofshofen, hier findet das allj\u00e4hrliche Finale der Vierschanzen-Tournee statt. Nach weiteren 10 km erreichen wir den letzten im Tal liegende Stadt St. Johann im Pongau, hier befindet sich die dritte und letzte Labestation des Radmarathons. Ebenfalls beginnt hier der Schlu\u00dfanstieg auf rd. 10 km L\u00e4nge bis nach Wagrain hinauf.<\/p>\n<p>Die letzten Kilometer werden bis Radstadt vorwiegend flach genommen. Vorbei an Reitdorf\/Flachau, der alten Heimat von Skiass Hermann Maier, f\u00fchrt uns die gut ausgebaute Strasse bis nach Altenmarkt. Wenige Minuten sp\u00e4ter befinden wir uns auf den letzten Kilometern \u00f6stlich auf den Weg nach Radstadt, dem Start als auch Zielort des Radmarathons.<\/p>\n<p>Hier der externe Link zur <em><strong><a href=\"https:\/\/umap.openstreetmap.de\/de\/map\/tourenkarte_75901?feature=Amade%201_processed#11\/47.4631\/13.4009\" target=\"_blank\" rel=\"noopener\"><span style=\"color: #f99b1c;\">Kartenansicht der Tour <\/span><\/a><\/strong><\/em>\ud83d\udd17<\/p>\n<p><span style=\"font-size: 75%;\">Auf dieser Website sind externe Links mit diesem Symbol \ud83d\udd17gekennzeichnet. Bitte beachten Sie unsere <a href=\"https:\/\/www.cycle-in-motion.de\/?page_id=1242\"><span style=\"color: #f99b1c;\">Datenschutzerkl\u00e4rung<\/span><\/a>.<\/span><\/p>\n<\/div>\n<p style=\"text-align: center;\"><iframe loading=\"lazy\" src=\"https:\/\/www.youtube.com\/embed\/iSfb4RYO1-8\" width=\"560\" height=\"315\" frameborder=\"0\" allowfullscreen=\"allowfullscreen\"><\/iframe><\/p>\n<p style=\"text-align: center;\"><span style=\"font-size: 80%;\">Youtube spielt unsere Filme in einer stark heruntergesetzten Videoqualit\u00e4t ab! <\/span><br \/>\n<span style=\"font-size: 80%;\">Einen Eindruck der original Qualit\u00e4t erhalten Sie \u00fcber unsere Demoseite.<\/span><\/p>\n","protected":false},"excerpt":{"rendered":"<div class=\"short-description\">\n<div class=\"std\">\n<p>Schon l\u00e4nger als Real Live Video geplant und im Sommer 2018 zum 25. j\u00e4hrigen Jubil\u00e4um des Marathons auch endlich umgesetzt.<\/p>\n<p><span style=\"font-size: 100%; color: #282828; background-color: #ff9900;\">FILMTITEL: Amade<\/span><\/p>\n<p><span style=\"font-size: 100%;\"><strong>\u00a0<\/strong><\/span><\/p>\n<\/div>\n<\/div>\n","protected":false},"featured_media":806,"template":"","meta":[],"_links":{"self":[{"href":"https:\/\/www.cycle-in-motion.de\/index.php?rest_route=\/wp\/v2\/product\/798"}],"collection":[{"href":"https:\/\/www.cycle-in-motion.de\/index.php?rest_route=\/wp\/v2\/product"}],"about":[{"href":"https:\/\/www.cycle-in-motion.de\/index.php?rest_route=\/wp\/v2\/types\/product"}],"wp:featuredmedia":[{"embeddable":true,"href":"https:\/\/www.cycle-in-motion.de\/index.php?rest_route=\/wp\/v2\/media\/806"}],"wp:attachment":[{"href":"https:\/\/www.cycle-in-motion.de\/index.php?rest_route=%2Fwp%2Fv2%2Fmedia&parent=798"}],"curies":[{"name":"wp","href":"https:\/\/api.w.org\/{rel}","templated":true}]}}