{"id":813,"date":"2019-09-18T12:07:47","date_gmt":"2019-09-18T10:07:47","guid":{"rendered":"http:\/\/h2846401.stratoserver.net\/wordpress\/?post_type=product&#038;p=813"},"modified":"2025-11-02T16:32:01","modified_gmt":"2025-11-02T15:32:01","slug":"arlberg-giro-st-anton-145-km-2-400-hm","status":"publish","type":"product","link":"https:\/\/www.cycle-in-motion.de\/?product=arlberg-giro-st-anton-145-km-2-400-hm","title":{"rendered":"Arlberg Giro &#8211; St. Anton &#8211; 145 km &#8211; 2.400 hm"},"content":{"rendered":"<div dir=\"ltr\">\n<p>An diesem Tag geht es auf die Strecke des seit 2011 bestehenden, noch recht jungen Radmarathons in St. Anton, dem Arlberg Giro. Der Marathon liegt mit Ende Juli in der Ferienzeit.<\/p>\n<p>Gestartet wird in Richtung hinauf zum Arlbergpass. \u00dcber den Pass geht es tief hinunter nach Bludenz ins Montafon. \u00dcber Schruns erreichen wir nach etlichen recht flotten Kilometern die Mautstation zur Silvretta-Hochalpenstrasse &#8211; die Panoramastrasse in den Alpen. Hier ist vorerst Schlu\u00df mit dem z\u00fcgigen Vorankommen, denn hier werden die Oberschenkel so richtig gefordert. Der Berg f\u00e4hrt sich eher unrypthmisch, es gibt aber immer wieder auch etwas flachere Passagen.<\/p>\n<p>\u00dcber viele Kehren geht es jetzt immer stetig aufw\u00e4rts bis zum Vermunt-Stausee. Am Ufer des Stausees geht es flach entlang und die Beine k\u00f6nnen sich erholen. Danach geht es wieder etwas steiler aufw\u00e4rts, wobei die Passagen insgesamt angenehmer zu fahren sind. Sobald wir die Sylvretta-Staumauer aus ca. 1,5 km Entfernung erkennen k\u00f6nnen, sind es nur noch wenige H\u00f6henmeter bis hinauf zur Bielerh\u00f6he, die auf uns mit einem tollen Bergpanorama \u00fcber den Sylvretta-Stausee hinweg wartet. Es werden sogar Bootsfahrten auf dem Stausee angeboten, aber daf\u00fcr haben wir keine Zeit. Nach unten geht es dann \u00fcber das Paznauental, u.a. vorbei an dem bekannten Skiort Ischgl. Tief im Tal geht es bei Pians dann wieder aufw\u00e4rts mit gem\u00e4\u00dfigten Steigungsprozenten in Richtung St. Anton.<\/p>\n<p>Die Strecke ist als Radmarathon mit 145 Kilometern und m\u00e4\u00dfigen H\u00f6henmeter trotz zahlreicher Rampen auch f\u00fcr Einsteiger in die Radmarathonszene gut geeignet. Das Wetter sollte aber unbedingt mitspielen, so wie am Filmtag.<\/p>\n<p>Hier der externe Link zur <em><strong><a href=\"https:\/\/umap.openstreetmap.de\/de\/map\/tourenkarte_75901?feature=Arlbert%20Giro%20-%20zusammengesetzt%20001#11\/47.0354\/10.1684\" target=\"_blank\" rel=\"noopener\"><span style=\"color: #f99b1c;\">Kartenansicht der Tour <\/span><\/a><\/strong><\/em>\ud83d\udd17<\/p>\n<p><span style=\"font-size: 75%;\">Auf dieser Website sind externe Links mit diesem Symbol \ud83d\udd17gekennzeichnet. Bitte beachten Sie unsere <span style=\"color: #f99b1c;\"><a style=\"color: #f99b1c;\" href=\"https:\/\/www.cycle-in-motion.de\/?page_id=1242\">Datenschutzerkl\u00e4rung<\/a><\/span>.<\/span><\/p>\n<\/div>\n<p style=\"text-align: center;\"><iframe loading=\"lazy\" src=\"https:\/\/www.youtube.com\/embed\/iSfb4RYO1-8\" width=\"560\" height=\"315\" frameborder=\"0\" allowfullscreen=\"allowfullscreen\"><\/iframe><\/p>\n<p style=\"text-align: center;\"><span style=\"font-size: 80%;\">Youtube spielt unsere Filme in einer stark heruntergesetzten Videoqualit\u00e4t ab!<br \/>\nEinen Eindruck der original Qualit\u00e4t erhalten Sie \u00fcber unsere Demoseite.<\/span><\/p>\n","protected":false},"excerpt":{"rendered":"<div class=\"short-description\">\n<div class=\"std\">\n<p>An diesem Tag geht es auf die Strecke des seit 2011 bestehenden, noch recht jungen Radmarathons in St. Anton, dem Arlberg Giro. Der Marathon liegt mit Ende Juli in der Ferienzeit.<\/p>\n<p><span style=\"font-size: 100%; color: #282828; background-color: #ff9900;\">FILMTITEL: ArlbergGiro<\/span><\/p>\n<p><span style=\"font-size: 100%;\"><strong>\u00a0<\/strong><\/span><\/p>\n<\/div>\n<\/div>\n","protected":false},"featured_media":862,"template":"","meta":[],"_links":{"self":[{"href":"https:\/\/www.cycle-in-motion.de\/index.php?rest_route=\/wp\/v2\/product\/813"}],"collection":[{"href":"https:\/\/www.cycle-in-motion.de\/index.php?rest_route=\/wp\/v2\/product"}],"about":[{"href":"https:\/\/www.cycle-in-motion.de\/index.php?rest_route=\/wp\/v2\/types\/product"}],"wp:featuredmedia":[{"embeddable":true,"href":"https:\/\/www.cycle-in-motion.de\/index.php?rest_route=\/wp\/v2\/media\/862"}],"wp:attachment":[{"href":"https:\/\/www.cycle-in-motion.de\/index.php?rest_route=%2Fwp%2Fv2%2Fmedia&parent=813"}],"curies":[{"name":"wp","href":"https:\/\/api.w.org\/{rel}","templated":true}]}}