{"id":836,"date":"2019-09-18T12:20:24","date_gmt":"2019-09-18T10:20:24","guid":{"rendered":"http:\/\/h2846401.stratoserver.net\/wordpress\/?post_type=product&#038;p=836"},"modified":"2025-11-02T18:41:39","modified_gmt":"2025-11-02T17:41:39","slug":"bimbacher-radmarathon-201-km-3-529-hm","status":"publish","type":"product","link":"https:\/\/www.cycle-in-motion.de\/?product=bimbacher-radmarathon-201-km-3-529-hm","title":{"rendered":"Bimbacher Radmarathon &#8211; 201 km &#8211; 3.529 hm (nur Tacx &#038; ErgoPlanet)"},"content":{"rendered":"<div dir=\"ltr\">\n<p>Der Bimbacher Radmarathon genie\u00dft in Deutschland einen absoluten Kultstatus. Wir hatten am Renntag sogar sehr gutes Wetter, was in der Rh\u00f6n zu Pfingsten nicht immer der Fall ist.<\/p>\n<p>Durchfahren werden der hessische, bayerische und th\u00fcringische Teil der Rh\u00f6n. Gro\u00dfteils f\u00fchrt der Marathon direkt durch das von der UNESCO ausgewiesene Bisosph\u00e4renreservat der Hochrh\u00f6n Neben der genialen und anspruchsvollen Streckenauswahl bietet der Radmarathon alles was das Rennradlerherz h\u00f6her schlagen l\u00e4\u00dft. Auf der von uns gew\u00e4hlten Langstrecke stehen insgesamt sechs Anstiege auf dem Streckenplan, einschlie\u00dflich der Befahrung der Wasserkuppe von der Nordseite. Dabei gilt es gerade am ersten Anstieg hinauf nach Ebersburg bis zu 18 % zu bew\u00e4ltigen.<\/p>\n<\/div>\n<p style=\"text-align: center;\"><iframe loading=\"lazy\" src=\"https:\/\/www.youtube.com\/embed\/IPIc_SEgEmI\" width=\"700\" height=\"350\" frameborder=\"0\" allowfullscreen=\"allowfullscreen\"><span style=\"display: inline-block; width: 0px; overflow: hidden; line-height: 0;\" data-mce-type=\"bookmark\" class=\"mce_SELRES_start\">\ufeff<\/span><\/iframe><\/p>\n<p style=\"text-align: center;\">Youtube gibt unsere Filme in geringer Qualit\u00e4t wieder.<br \/>\nWenn Sie sich von unserer Bildqualit\u00e4t \u00fcberzeugen wollen, nutzen Sie unsere Demo-Seite.<\/p>\n","protected":false},"excerpt":{"rendered":"<div class=\"short-description\">\n<div class=\"std\">\n<p>Der Bimbacher Radmarathon genie\u00dft in Deutschland einen absoluten Kultstatus.<\/p>\n<p><span style=\"font-size: 100%; color: #282828; background-color: #ff9900;\">FILMTITEL: Bimbach-1<br \/>\nFILMTITEL: Bimbach-2<br \/>\n<\/span><\/p>\n<p><span style=\"font-size: 100%;\"><strong>\u00a0<\/strong><\/span><\/p>\n<\/div>\n<\/div>\n","protected":false},"featured_media":844,"template":"","meta":[],"_links":{"self":[{"href":"https:\/\/www.cycle-in-motion.de\/index.php?rest_route=\/wp\/v2\/product\/836"}],"collection":[{"href":"https:\/\/www.cycle-in-motion.de\/index.php?rest_route=\/wp\/v2\/product"}],"about":[{"href":"https:\/\/www.cycle-in-motion.de\/index.php?rest_route=\/wp\/v2\/types\/product"}],"wp:featuredmedia":[{"embeddable":true,"href":"https:\/\/www.cycle-in-motion.de\/index.php?rest_route=\/wp\/v2\/media\/844"}],"wp:attachment":[{"href":"https:\/\/www.cycle-in-motion.de\/index.php?rest_route=%2Fwp%2Fv2%2Fmedia&parent=836"}],"curies":[{"name":"wp","href":"https:\/\/api.w.org\/{rel}","templated":true}]}}