{"id":874,"date":"2019-09-18T12:32:31","date_gmt":"2019-09-18T10:32:31","guid":{"rendered":"http:\/\/h2846401.stratoserver.net\/wordpress\/?post_type=product&#038;p=874"},"modified":"2025-11-02T18:31:54","modified_gmt":"2025-11-02T17:31:54","slug":"oetztaler-radmarathon-soelden-220-km-5-400-hm","status":"publish","type":"product","link":"https:\/\/www.cycle-in-motion.de\/?product=oetztaler-radmarathon-soelden-220-km-5-400-hm","title":{"rendered":"\u00d6tztaler Radmarathon S\u00f6lden &#8211; 220 km &#8211; 5.400 hm"},"content":{"rendered":"<div dir=\"ltr\">\n<p>Kaum ein anderer Skiort in Europa wird am letzten Augustwochenende so zum Mekka der Radsportgemeinde wie S\u00f6lden in Tirol.<\/p>\n<p>Wer miterleben m\u00f6chte wo Blut, Schwei\u00df und Tr\u00e4nen flie\u00dfen ist hier am richtigen Ort. Der Saisonh\u00f6hepunkt f\u00fcr viele von uns, zumindest wenn man den Anmeldestatistiken glauben schenken darf. Hier entscheidet sich oft, ob der durchdachte und hoffentlich gut eingehaltene Trainingsplan neue Bestmarken zu setzen hilft. Es wird die vollst\u00e4ndige Gesamtstrecke des \u00d6tztaler Radmarathons abgefahren.<\/p>\n<p>Der Film ist in drei Teile unterteilt:<\/p>\n<p>1. S\u00f6lden-&gt; Innsbruck<br \/>\n2. Innsbruck-&gt; Jaufenpa\u00df Abfahrt<br \/>\n3. Jaufenpa\u00df Abfahrt -&gt; S\u00f6lden<\/p>\n<p>Die ersten beiden Teile sind noch im alten Format abgedreht mit einer Aufl\u00f6sung von 1.920&#215;868. Der dritte Teil im neuen NEMESyS-Format mit 1.920&#215;992.<\/p>\n<p>Hier der externe Link zur <em><strong><a href=\"https:\/\/umap.openstreetmap.de\/de\/map\/tourenkarte_75901?feature=ACTIVE%20LOG#10\/46.9845\/11.1559\" target=\"_blank\" rel=\"noopener\"><span style=\"color: #f99b1c;\">Kartenansicht der Tour <\/span><\/a><\/strong><\/em>\ud83d\udd17<\/p>\n<p><span style=\"font-size: 75%;\">Auf dieser Website sind externe Links mit diesem Symbol \ud83d\udd17gekennzeichnet. Bitte beachten Sie unsere <a href=\"https:\/\/www.cycle-in-motion.de\/?page_id=1242\"><span style=\"color: #f99b1c;\">Datenschutzerkl\u00e4rung<\/span><\/a><span style=\"color: #f99b1c;\">.<\/span><\/span><\/p>\n<\/div>\n<p style=\"text-align: center;\"><iframe loading=\"lazy\" src=\"https:\/\/www.youtube.com\/embed\/VSTXcVfi5vo\" width=\"500\" height=\"300\" frameborder=\"0\" allowfullscreen=\"allowfullscreen\"><\/iframe><\/p>\n<p style=\"text-align: center;\"><iframe loading=\"lazy\" src=\"https:\/\/www.youtube.com\/embed\/_JCK71jLa1U\" width=\"500\" height=\"300\" frameborder=\"0\" allowfullscreen=\"allowfullscreen\"><span style=\"display: inline-block; width: 0px; overflow: hidden; line-height: 0;\" data-mce-type=\"bookmark\" class=\"mce_SELRES_start\">\ufeff<\/span><\/iframe><\/p>\n<p style=\"text-align: center;\">Youtube gibt unsere Filme in geringer Qualit\u00e4t wieder.<br \/>\nWenn Sie sich von unserer Bildqualit\u00e4t \u00fcberzeugen wollen, nutzen Sie unsere Demo-Seite.<\/p>\n","protected":false},"excerpt":{"rendered":"<div class=\"short-description\">\n<div class=\"std\">\n<p>Kaum ein anderer Skiort in Europa wird am letzten Augustwochenende so zum Mekka der Radsportgemeinde wie S\u00f6lden in Tirol.<\/p>\n<p><span style=\"background-color: #ff9900; color: #282828;\">FILMTITEL: Oetzi1<br \/>\nFILMTITEL: Oetzi2<br \/>\nFILMTITEL: Oetzi3<br \/>\n<\/span><\/p>\n<p><span style=\"font-size: 100%;\"><strong>\u00a0<\/strong><\/span><\/p>\n<\/div>\n<\/div>\n","protected":false},"featured_media":893,"template":"","meta":[],"_links":{"self":[{"href":"https:\/\/www.cycle-in-motion.de\/index.php?rest_route=\/wp\/v2\/product\/874"}],"collection":[{"href":"https:\/\/www.cycle-in-motion.de\/index.php?rest_route=\/wp\/v2\/product"}],"about":[{"href":"https:\/\/www.cycle-in-motion.de\/index.php?rest_route=\/wp\/v2\/types\/product"}],"wp:featuredmedia":[{"embeddable":true,"href":"https:\/\/www.cycle-in-motion.de\/index.php?rest_route=\/wp\/v2\/media\/893"}],"wp:attachment":[{"href":"https:\/\/www.cycle-in-motion.de\/index.php?rest_route=%2Fwp%2Fv2%2Fmedia&parent=874"}],"curies":[{"name":"wp","href":"https:\/\/api.w.org\/{rel}","templated":true}]}}